{"id":6102,"date":"2025-03-14T13:26:37","date_gmt":"2025-03-14T12:26:37","guid":{"rendered":"https:\/\/guspiramoncreatiu.com\/producto\/recuerda-hijo-mio\/"},"modified":"2025-03-31T14:10:20","modified_gmt":"2025-03-31T12:10:20","slug":"recuerda-hijo-mio","status":"publish","type":"product","link":"https:\/\/guspiramoncreatiu.com\/es\/producto\/recuerda-hijo-mio\/","title":{"rendered":"recuerda hijo m\u00edo&#8230;"},"content":{"rendered":"<p data-pm-slice=\"1 1 []\">una preciosa l\u00e1mina inspirada en un poema de Miki Naranja, autor que a\u00f1oro much\u00edsimo&#8230;<\/p>\n<p>hay diferentes versiones de acabados&#8230;<\/p>\n<p>puede ser bordada&#8230;<\/p>\n<p>bordada con manchas de pintura&#8230;<\/p>\n<p>puede ser con las im\u00e1genes impresas en color<\/p>\n<p>y tambi\u00e9n puede estar personalizada con el&#8230;<\/p>\n<p>&nbsp;<\/p>\n<p>escr\u00edbeme y elegimos qu\u00e9 acabado es lo que m\u00e1s te gusta<\/p>\n<p>&nbsp;<\/p>\n<p>&nbsp;<\/p>\n","protected":false},"excerpt":{"rendered":"<p>una preciosa l\u00e1mina inspirada en un poema de Miki Naranja, autor que a\u00f1oro much\u00edsimo&#8230; hay diferentes versiones de acabados&#8230; puede ser bordada&#8230; bordada con manchas de pintura&#8230; puede ser con las im\u00e1genes impresas en color y tambi\u00e9n puede estar personalizada con el&#8230; &nbsp; escr\u00edbeme y elegimos qu\u00e9 acabado es lo que m\u00e1s te gusta &nbsp; [&hellip;]<\/p>\n","protected":false},"featured_media":6083,"template":"","meta":[],"product_brand":[],"product_cat":[153,154,160],"product_tag":[],"class_list":{"0":"post-6102","1":"product","2":"type-product","3":"status-publish","4":"has-post-thumbnail","6":"product_cat-laminas","7":"product_cat-laminas-es","8":"product_cat-novedades","9":"product_shipping_class-6-e","11":"first","12":"instock","13":"taxable","14":"shipping-taxable","15":"purchasable","16":"product-type-simple"},"jetpack_sharing_enabled":true,"_links":{"self":[{"href":"https:\/\/guspiramoncreatiu.com\/es\/wp-json\/wp\/v2\/product\/6102","targetHints":{"allow":["GET"]}}],"collection":[{"href":"https:\/\/guspiramoncreatiu.com\/es\/wp-json\/wp\/v2\/product"}],"about":[{"href":"https:\/\/guspiramoncreatiu.com\/es\/wp-json\/wp\/v2\/types\/product"}],"version-history":[{"count":0,"href":"https:\/\/guspiramoncreatiu.com\/es\/wp-json\/wp\/v2\/product\/6102\/revisions"}],"wp:featuredmedia":[{"embeddable":true,"href":"https:\/\/guspiramoncreatiu.com\/es\/wp-json\/wp\/v2\/media\/6083"}],"wp:attachment":[{"href":"https:\/\/guspiramoncreatiu.com\/es\/wp-json\/wp\/v2\/media?parent=6102"}],"wp:term":[{"taxonomy":"product_brand","embeddable":true,"href":"https:\/\/guspiramoncreatiu.com\/es\/wp-json\/wp\/v2\/product_brand?post=6102"},{"taxonomy":"product_cat","embeddable":true,"href":"https:\/\/guspiramoncreatiu.com\/es\/wp-json\/wp\/v2\/product_cat?post=6102"},{"taxonomy":"product_tag","embeddable":true,"href":"https:\/\/guspiramoncreatiu.com\/es\/wp-json\/wp\/v2\/product_tag?post=6102"}],"curies":[{"name":"wp","href":"https:\/\/api.w.org\/{rel}","templated":true}]}}