{"id":5923,"date":"2023-05-24T14:32:15","date_gmt":"2023-05-24T12:32:15","guid":{"rendered":"https:\/\/guspiramoncreatiu.com\/producto\/busca-la-vida\/"},"modified":"2024-11-22T13:31:20","modified_gmt":"2024-11-22T12:31:20","slug":"busca-la-vida","status":"publish","type":"product","link":"https:\/\/guspiramoncreatiu.com\/es\/producto\/busca-la-vida\/","title":{"rendered":"busca la vida"},"content":{"rendered":"<p>L\u00e1mina para enmarcar con imagen transferida sobre papel, texto transferido sobre tejido, tronquete cosido y bordado sobre cart\u00f3n (no incluye el marco).<\/p>\n<p>&nbsp;<\/p>\n<p> Medida: 21&#215;30 cm x 1.6mm base cart\u00f3n<\/p>\n<p> el marco debe ser con un espacio libre de un cent\u00edmetro para albergar la rama<\/p>\n","protected":false},"excerpt":{"rendered":"<p>L\u00e1mina para enmarcar con imagen transferida sobre papel, texto transferido sobre tejido, tronquete cosido y bordado sobre cart\u00f3n (no incluye el marco). &nbsp; Medida: 21&#215;30 cm x 1.6mm base cart\u00f3n el marco debe ser con un espacio libre de un cent\u00edmetro para albergar la rama<\/p>\n","protected":false},"featured_media":4945,"template":"","meta":[],"product_brand":[],"product_cat":[153,154,160],"product_tag":[],"class_list":{"0":"post-5923","1":"product","2":"type-product","3":"status-publish","4":"has-post-thumbnail","6":"product_cat-laminas","7":"product_cat-laminas-es","8":"product_cat-novedades","9":"product_shipping_class-6-e","11":"first","12":"instock","13":"taxable","14":"shipping-taxable","15":"purchasable","16":"product-type-simple"},"jetpack_sharing_enabled":true,"_links":{"self":[{"href":"https:\/\/guspiramoncreatiu.com\/es\/wp-json\/wp\/v2\/product\/5923","targetHints":{"allow":["GET"]}}],"collection":[{"href":"https:\/\/guspiramoncreatiu.com\/es\/wp-json\/wp\/v2\/product"}],"about":[{"href":"https:\/\/guspiramoncreatiu.com\/es\/wp-json\/wp\/v2\/types\/product"}],"version-history":[{"count":0,"href":"https:\/\/guspiramoncreatiu.com\/es\/wp-json\/wp\/v2\/product\/5923\/revisions"}],"wp:featuredmedia":[{"embeddable":true,"href":"https:\/\/guspiramoncreatiu.com\/es\/wp-json\/wp\/v2\/media\/4945"}],"wp:attachment":[{"href":"https:\/\/guspiramoncreatiu.com\/es\/wp-json\/wp\/v2\/media?parent=5923"}],"wp:term":[{"taxonomy":"product_brand","embeddable":true,"href":"https:\/\/guspiramoncreatiu.com\/es\/wp-json\/wp\/v2\/product_brand?post=5923"},{"taxonomy":"product_cat","embeddable":true,"href":"https:\/\/guspiramoncreatiu.com\/es\/wp-json\/wp\/v2\/product_cat?post=5923"},{"taxonomy":"product_tag","embeddable":true,"href":"https:\/\/guspiramoncreatiu.com\/es\/wp-json\/wp\/v2\/product_tag?post=5923"}],"curies":[{"name":"wp","href":"https:\/\/api.w.org\/{rel}","templated":true}]}}