{"id":5916,"date":"2023-06-02T16:20:51","date_gmt":"2023-06-02T14:20:51","guid":{"rendered":"https:\/\/guspiramoncreatiu.com\/producto\/caligrafia-en-alambre\/"},"modified":"2025-03-31T13:52:00","modified_gmt":"2025-03-31T11:52:00","slug":"caligrafia-en-alambre","status":"publish","type":"product","link":"https:\/\/guspiramoncreatiu.com\/es\/producto\/caligrafia-en-alambre\/","title":{"rendered":"caligraf\u00eda en alambre"},"content":{"rendered":"<p>\u00bfCu\u00e1l es la palabra que te resuena? intimidad, complicidad, apoyo, reflexi\u00f3n&#8230; p\u00eddeme la que te ronde por el coraz\u00f3n. <\/p>\n<p>&nbsp;<\/p>\n<p>Palabra bajo pedido escrito con alambre dulce sobre cart\u00f3n<\/p>\n<p>&nbsp;<\/p>\n<p>Medida: 13x18cm x 1.6mm base cart\u00f3n (no incluye el marco)<\/p>\n","protected":false},"excerpt":{"rendered":"<p>\u00bfCu\u00e1l es la palabra que te resuena? intimidad, complicidad, apoyo, reflexi\u00f3n&#8230; p\u00eddeme la que te ronde por el coraz\u00f3n. &nbsp; Palabra bajo pedido escrito con alambre dulce sobre cart\u00f3n &nbsp; Medida: 13x18cm x 1.6mm base cart\u00f3n (no incluye el marco)<\/p>\n","protected":false},"featured_media":4817,"template":"","meta":[],"product_brand":[],"product_cat":[153,205],"product_tag":[],"class_list":{"0":"post-5916","1":"product","2":"type-product","3":"status-publish","4":"has-post-thumbnail","6":"product_cat-laminas","7":"product_cat-palabras","8":"product_shipping_class-4-e","10":"first","11":"instock","12":"taxable","13":"shipping-taxable","14":"purchasable","15":"product-type-simple"},"jetpack_sharing_enabled":true,"_links":{"self":[{"href":"https:\/\/guspiramoncreatiu.com\/es\/wp-json\/wp\/v2\/product\/5916","targetHints":{"allow":["GET"]}}],"collection":[{"href":"https:\/\/guspiramoncreatiu.com\/es\/wp-json\/wp\/v2\/product"}],"about":[{"href":"https:\/\/guspiramoncreatiu.com\/es\/wp-json\/wp\/v2\/types\/product"}],"version-history":[{"count":0,"href":"https:\/\/guspiramoncreatiu.com\/es\/wp-json\/wp\/v2\/product\/5916\/revisions"}],"wp:featuredmedia":[{"embeddable":true,"href":"https:\/\/guspiramoncreatiu.com\/es\/wp-json\/wp\/v2\/media\/4817"}],"wp:attachment":[{"href":"https:\/\/guspiramoncreatiu.com\/es\/wp-json\/wp\/v2\/media?parent=5916"}],"wp:term":[{"taxonomy":"product_brand","embeddable":true,"href":"https:\/\/guspiramoncreatiu.com\/es\/wp-json\/wp\/v2\/product_brand?post=5916"},{"taxonomy":"product_cat","embeddable":true,"href":"https:\/\/guspiramoncreatiu.com\/es\/wp-json\/wp\/v2\/product_cat?post=5916"},{"taxonomy":"product_tag","embeddable":true,"href":"https:\/\/guspiramoncreatiu.com\/es\/wp-json\/wp\/v2\/product_tag?post=5916"}],"curies":[{"name":"wp","href":"https:\/\/api.w.org\/{rel}","templated":true}]}}