{"id":5894,"date":"2023-06-02T16:52:39","date_gmt":"2023-06-02T14:52:39","guid":{"rendered":"https:\/\/guspiramoncreatiu.com\/producto\/campanario\/"},"modified":"2024-11-22T13:30:17","modified_gmt":"2024-11-22T12:30:17","slug":"campanario","status":"publish","type":"product","link":"https:\/\/guspiramoncreatiu.com\/es\/producto\/campanario\/","title":{"rendered":"campanario"},"content":{"rendered":"<p>Mini casitas de alambre dulce con im\u00e1genes transferidas sobre papel de arroz sobre una base de madera de deriva naturaleza.<\/p>\n<p> fotograf\u00eda de un campanario de Lanzarote<\/p>\n<p> Tama\u00f1o: 6&#215;12.5&#215;3 casita<\/p>\n<p> 7x31x7 total<\/p>\n","protected":false},"excerpt":{"rendered":"<p>Mini casitas de alambre dulce con im\u00e1genes transferidas sobre papel de arroz sobre una base de madera de deriva naturaleza. fotograf\u00eda de un campanario de Lanzarote Tama\u00f1o: 6&#215;12.5&#215;3 casita 7x31x7 total<\/p>\n","protected":false},"featured_media":4563,"template":"","meta":[],"product_brand":[],"product_cat":[190,145],"product_tag":[],"class_list":{"0":"post-5894","1":"product","2":"type-product","3":"status-publish","4":"has-post-thumbnail","6":"product_cat-atalayas","7":"product_cat-esculturas","8":"product_shipping_class-6-e","10":"first","11":"instock","12":"taxable","13":"shipping-taxable","14":"purchasable","15":"product-type-simple"},"jetpack_sharing_enabled":true,"_links":{"self":[{"href":"https:\/\/guspiramoncreatiu.com\/es\/wp-json\/wp\/v2\/product\/5894","targetHints":{"allow":["GET"]}}],"collection":[{"href":"https:\/\/guspiramoncreatiu.com\/es\/wp-json\/wp\/v2\/product"}],"about":[{"href":"https:\/\/guspiramoncreatiu.com\/es\/wp-json\/wp\/v2\/types\/product"}],"version-history":[{"count":0,"href":"https:\/\/guspiramoncreatiu.com\/es\/wp-json\/wp\/v2\/product\/5894\/revisions"}],"wp:featuredmedia":[{"embeddable":true,"href":"https:\/\/guspiramoncreatiu.com\/es\/wp-json\/wp\/v2\/media\/4563"}],"wp:attachment":[{"href":"https:\/\/guspiramoncreatiu.com\/es\/wp-json\/wp\/v2\/media?parent=5894"}],"wp:term":[{"taxonomy":"product_brand","embeddable":true,"href":"https:\/\/guspiramoncreatiu.com\/es\/wp-json\/wp\/v2\/product_brand?post=5894"},{"taxonomy":"product_cat","embeddable":true,"href":"https:\/\/guspiramoncreatiu.com\/es\/wp-json\/wp\/v2\/product_cat?post=5894"},{"taxonomy":"product_tag","embeddable":true,"href":"https:\/\/guspiramoncreatiu.com\/es\/wp-json\/wp\/v2\/product_tag?post=5894"}],"curies":[{"name":"wp","href":"https:\/\/api.w.org\/{rel}","templated":true}]}}