{"id":5891,"date":"2023-06-05T15:09:20","date_gmt":"2023-06-05T13:09:20","guid":{"rendered":"https:\/\/guspiramoncreatiu.com\/producto\/mini-casita-1\/"},"modified":"2024-11-22T13:30:16","modified_gmt":"2024-11-22T12:30:16","slug":"mini-casita-1","status":"publish","type":"product","link":"https:\/\/guspiramoncreatiu.com\/es\/producto\/mini-casita-1\/","title":{"rendered":"mini casita 1"},"content":{"rendered":"<p>\u00abmi refugio\u00bb<\/p>\n<p> casita de alambre dulce de 1.3mm sobre taco de madera de pino y una peque\u00f1a frase transferida<\/p>\n<p> tama\u00f1o: taco madera 7x10hx4<\/p>\n<p> tama\u00f1o total: 7x14hx4<\/p>\n","protected":false},"excerpt":{"rendered":"<p>\u00abmi refugio\u00bb casita de alambre dulce de 1.3mm sobre taco de madera de pino y una peque\u00f1a frase transferida tama\u00f1o: taco madera 7x10hx4 tama\u00f1o total: 7x14hx4<\/p>\n","protected":false},"featured_media":4433,"template":"","meta":[],"product_brand":[],"product_cat":[199,145,160],"product_tag":[],"class_list":{"0":"post-5891","1":"product","2":"type-product","3":"status-publish","4":"has-post-thumbnail","6":"product_cat-casitas-mini","7":"product_cat-esculturas","8":"product_cat-novedades","9":"product_shipping_class-6-e","11":"first","12":"instock","13":"taxable","14":"shipping-taxable","15":"purchasable","16":"product-type-simple"},"jetpack_sharing_enabled":true,"_links":{"self":[{"href":"https:\/\/guspiramoncreatiu.com\/es\/wp-json\/wp\/v2\/product\/5891","targetHints":{"allow":["GET"]}}],"collection":[{"href":"https:\/\/guspiramoncreatiu.com\/es\/wp-json\/wp\/v2\/product"}],"about":[{"href":"https:\/\/guspiramoncreatiu.com\/es\/wp-json\/wp\/v2\/types\/product"}],"version-history":[{"count":0,"href":"https:\/\/guspiramoncreatiu.com\/es\/wp-json\/wp\/v2\/product\/5891\/revisions"}],"wp:featuredmedia":[{"embeddable":true,"href":"https:\/\/guspiramoncreatiu.com\/es\/wp-json\/wp\/v2\/media\/4433"}],"wp:attachment":[{"href":"https:\/\/guspiramoncreatiu.com\/es\/wp-json\/wp\/v2\/media?parent=5891"}],"wp:term":[{"taxonomy":"product_brand","embeddable":true,"href":"https:\/\/guspiramoncreatiu.com\/es\/wp-json\/wp\/v2\/product_brand?post=5891"},{"taxonomy":"product_cat","embeddable":true,"href":"https:\/\/guspiramoncreatiu.com\/es\/wp-json\/wp\/v2\/product_cat?post=5891"},{"taxonomy":"product_tag","embeddable":true,"href":"https:\/\/guspiramoncreatiu.com\/es\/wp-json\/wp\/v2\/product_tag?post=5891"}],"curies":[{"name":"wp","href":"https:\/\/api.w.org\/{rel}","templated":true}]}}