{"id":5883,"date":"2023-06-05T15:12:47","date_gmt":"2023-06-05T13:12:47","guid":{"rendered":"https:\/\/guspiramoncreatiu.com\/producto\/perchas-1\/"},"modified":"2024-11-22T13:30:11","modified_gmt":"2024-11-22T12:30:11","slug":"perchas-1","status":"publish","type":"product","link":"https:\/\/guspiramoncreatiu.com\/es\/producto\/perchas-1\/","title":{"rendered":"perchas 1"},"content":{"rendered":"<p>Troncos de madera pintados y encaramados de color para colgar ropa los m\u00e1s grandes o bisuter\u00eda los m\u00e1s peque\u00f1os. Se venden en juego de 2 o 3 segundos modelo Tama\u00f1o: en la foto de la pieza <\/p>\n","protected":false},"excerpt":{"rendered":"<p>Troncos de madera pintados y encaramados de color para colgar ropa los m\u00e1s grandes o bisuter\u00eda los m\u00e1s peque\u00f1os. Se venden en juego de 2 o 3 segundos modelo Tama\u00f1o: en la foto de la pieza<\/p>\n","protected":false},"featured_media":4437,"template":"","meta":[],"product_brand":[],"product_cat":[159,160,197],"product_tag":[],"class_list":{"0":"post-5883","1":"product","2":"type-product","3":"status-publish","4":"has-post-thumbnail","6":"product_cat-miscelanea","7":"product_cat-novedades","8":"product_cat-perchas","9":"product_shipping_class-6-e","11":"first","12":"instock","13":"taxable","14":"shipping-taxable","15":"purchasable","16":"product-type-simple"},"jetpack_sharing_enabled":true,"_links":{"self":[{"href":"https:\/\/guspiramoncreatiu.com\/es\/wp-json\/wp\/v2\/product\/5883","targetHints":{"allow":["GET"]}}],"collection":[{"href":"https:\/\/guspiramoncreatiu.com\/es\/wp-json\/wp\/v2\/product"}],"about":[{"href":"https:\/\/guspiramoncreatiu.com\/es\/wp-json\/wp\/v2\/types\/product"}],"version-history":[{"count":0,"href":"https:\/\/guspiramoncreatiu.com\/es\/wp-json\/wp\/v2\/product\/5883\/revisions"}],"wp:featuredmedia":[{"embeddable":true,"href":"https:\/\/guspiramoncreatiu.com\/es\/wp-json\/wp\/v2\/media\/4437"}],"wp:attachment":[{"href":"https:\/\/guspiramoncreatiu.com\/es\/wp-json\/wp\/v2\/media?parent=5883"}],"wp:term":[{"taxonomy":"product_brand","embeddable":true,"href":"https:\/\/guspiramoncreatiu.com\/es\/wp-json\/wp\/v2\/product_brand?post=5883"},{"taxonomy":"product_cat","embeddable":true,"href":"https:\/\/guspiramoncreatiu.com\/es\/wp-json\/wp\/v2\/product_cat?post=5883"},{"taxonomy":"product_tag","embeddable":true,"href":"https:\/\/guspiramoncreatiu.com\/es\/wp-json\/wp\/v2\/product_tag?post=5883"}],"curies":[{"name":"wp","href":"https:\/\/api.w.org\/{rel}","templated":true}]}}