{"id":5881,"date":"2023-06-05T15:23:16","date_gmt":"2023-06-05T13:23:16","guid":{"rendered":"https:\/\/guspiramoncreatiu.com\/producto\/palo-tirita-junco\/"},"modified":"2024-11-22T13:30:00","modified_gmt":"2024-11-22T12:30:00","slug":"palo-tirita-junco","status":"publish","type":"product","link":"https:\/\/guspiramoncreatiu.com\/es\/producto\/palo-tirita-junco\/","title":{"rendered":"palo tirita junco"},"content":{"rendered":"<p>Tronco de madera de deriva trabajado con hilos de colores, rafia, algod\u00f3n&#8230; y pintura<\/p>\n<p> Tama\u00f1o: 220x20x4<\/p>\n<p> <strong>El env\u00edo de este producto no est\u00e1 disponible, la recogida se realizar\u00e1 en el taller.<\/strong><\/p>\n","protected":false},"excerpt":{"rendered":"<p>Tronco de madera de deriva trabajado con hilos de colores, rafia, algod\u00f3n&#8230; y pintura Tama\u00f1o: 220x20x4 El env\u00edo de este producto no est\u00e1 disponible, la recogida se realizar\u00e1 en el taller.<\/p>\n","protected":false},"featured_media":4339,"template":"","meta":[],"product_brand":[],"product_cat":[175,196],"product_tag":[],"class_list":{"0":"post-5881","1":"product","2":"type-product","3":"status-publish","4":"has-post-thumbnail","6":"product_cat-guspira-arte","7":"product_cat-palos-de-poder","9":"first","10":"instock","11":"taxable","12":"shipping-taxable","13":"purchasable","14":"product-type-simple"},"jetpack_sharing_enabled":true,"_links":{"self":[{"href":"https:\/\/guspiramoncreatiu.com\/es\/wp-json\/wp\/v2\/product\/5881","targetHints":{"allow":["GET"]}}],"collection":[{"href":"https:\/\/guspiramoncreatiu.com\/es\/wp-json\/wp\/v2\/product"}],"about":[{"href":"https:\/\/guspiramoncreatiu.com\/es\/wp-json\/wp\/v2\/types\/product"}],"version-history":[{"count":0,"href":"https:\/\/guspiramoncreatiu.com\/es\/wp-json\/wp\/v2\/product\/5881\/revisions"}],"wp:featuredmedia":[{"embeddable":true,"href":"https:\/\/guspiramoncreatiu.com\/es\/wp-json\/wp\/v2\/media\/4339"}],"wp:attachment":[{"href":"https:\/\/guspiramoncreatiu.com\/es\/wp-json\/wp\/v2\/media?parent=5881"}],"wp:term":[{"taxonomy":"product_brand","embeddable":true,"href":"https:\/\/guspiramoncreatiu.com\/es\/wp-json\/wp\/v2\/product_brand?post=5881"},{"taxonomy":"product_cat","embeddable":true,"href":"https:\/\/guspiramoncreatiu.com\/es\/wp-json\/wp\/v2\/product_cat?post=5881"},{"taxonomy":"product_tag","embeddable":true,"href":"https:\/\/guspiramoncreatiu.com\/es\/wp-json\/wp\/v2\/product_tag?post=5881"}],"curies":[{"name":"wp","href":"https:\/\/api.w.org\/{rel}","templated":true}]}}