{"id":5871,"date":"2023-06-05T15:25:16","date_gmt":"2023-06-05T13:25:16","guid":{"rendered":"https:\/\/guspiramoncreatiu.com\/producto\/tapices-luz\/"},"modified":"2024-11-22T13:29:50","modified_gmt":"2024-11-22T12:29:50","slug":"tapices-luz","status":"publish","type":"product","link":"https:\/\/guspiramoncreatiu.com\/es\/producto\/tapices-luz\/","title":{"rendered":"tapices luz"},"content":{"rendered":"<p>\u00abel camino de la luz est\u00e1 tejido de sombras\u00bb<\/p>\n<p> Tapices realizado a partir de tejidos de lino, algod\u00f3n y seda te\u00f1idos y estampados con tintes naturales, bordados y aplicaciones seg\u00fan la prenda.<\/p>\n<p> Tronco de deriva como soporte<\/p>\n<p>&nbsp;<\/p>\n<p> el tronco mide 66cm, el tapiz 47 x 75<\/p>\n","protected":false},"excerpt":{"rendered":"<p>\u00abel camino de la luz est\u00e1 tejido de sombras\u00bb Tapices realizado a partir de tejidos de lino, algod\u00f3n y seda te\u00f1idos y estampados con tintes naturales, bordados y aplicaciones seg\u00fan la prenda. Tronco de deriva como soporte &nbsp; el tronco mide 66cm, el tapiz 47 x 75<\/p>\n","protected":false},"featured_media":5025,"template":"","meta":[],"product_brand":[],"product_cat":[175,181],"product_tag":[],"class_list":{"0":"post-5871","1":"product","2":"type-product","3":"status-publish","4":"has-post-thumbnail","6":"product_cat-guspira-arte","7":"product_cat-tapices","9":"first","10":"instock","11":"sold-individually","12":"taxable","13":"shipping-taxable","14":"purchasable","15":"product-type-simple"},"jetpack_sharing_enabled":true,"_links":{"self":[{"href":"https:\/\/guspiramoncreatiu.com\/es\/wp-json\/wp\/v2\/product\/5871","targetHints":{"allow":["GET"]}}],"collection":[{"href":"https:\/\/guspiramoncreatiu.com\/es\/wp-json\/wp\/v2\/product"}],"about":[{"href":"https:\/\/guspiramoncreatiu.com\/es\/wp-json\/wp\/v2\/types\/product"}],"version-history":[{"count":0,"href":"https:\/\/guspiramoncreatiu.com\/es\/wp-json\/wp\/v2\/product\/5871\/revisions"}],"wp:featuredmedia":[{"embeddable":true,"href":"https:\/\/guspiramoncreatiu.com\/es\/wp-json\/wp\/v2\/media\/5025"}],"wp:attachment":[{"href":"https:\/\/guspiramoncreatiu.com\/es\/wp-json\/wp\/v2\/media?parent=5871"}],"wp:term":[{"taxonomy":"product_brand","embeddable":true,"href":"https:\/\/guspiramoncreatiu.com\/es\/wp-json\/wp\/v2\/product_brand?post=5871"},{"taxonomy":"product_cat","embeddable":true,"href":"https:\/\/guspiramoncreatiu.com\/es\/wp-json\/wp\/v2\/product_cat?post=5871"},{"taxonomy":"product_tag","embeddable":true,"href":"https:\/\/guspiramoncreatiu.com\/es\/wp-json\/wp\/v2\/product_tag?post=5871"}],"curies":[{"name":"wp","href":"https:\/\/api.w.org\/{rel}","templated":true}]}}