{"id":5851,"date":"2023-11-07T09:06:11","date_gmt":"2023-11-07T08:06:11","guid":{"rendered":"https:\/\/guspiramoncreatiu.com\/producto\/colgante-marron-negro\/"},"modified":"2024-11-22T13:29:30","modified_gmt":"2024-11-22T12:29:30","slug":"colgante-marron-negro","status":"publish","type":"product","link":"https:\/\/guspiramoncreatiu.com\/es\/producto\/colgante-marron-negro\/","title":{"rendered":"colgante marr\u00f3n &#8211; negro"},"content":{"rendered":"<p>peque\u00f1o colgante hecho con una piedra de r\u00edo envuelta en hilo de lino trabajado con ganchillo.<\/p>\n<p> es un peque\u00f1o talism\u00e1n donde guardar la energ\u00eda que quieres que te acompa\u00f1e, la que te falta, la que quieres&#8230;<\/p>\n<p> empoder\u00e1ndote y toman conciencia activa de tu propia energ\u00eda.<\/p>\n<p>&nbsp;<\/p>\n<p> la piedra lleva una peque\u00f1a cartulina para anotar el prop\u00f3sito de llevar la piedra<\/p>\n<p>&nbsp;<\/p>\n<p> el tama\u00f1o aproximado es de 4 a 6 cm<\/p>\n","protected":false},"excerpt":{"rendered":"<p>peque\u00f1o colgante hecho con una piedra de r\u00edo envuelta en hilo de lino trabajado con ganchillo. es un peque\u00f1o talism\u00e1n donde guardar la energ\u00eda que quieres que te acompa\u00f1e, la que te falta, la que quieres&#8230; empoder\u00e1ndote y toman conciencia activa de tu propia energ\u00eda. &nbsp; la piedra lleva una peque\u00f1a cartulina para anotar el [&hellip;]<\/p>\n","protected":false},"featured_media":4837,"template":"","meta":[],"product_brand":[],"product_cat":[107,79],"product_tag":[],"class_list":{"0":"post-5851","1":"product","2":"type-product","3":"status-publish","4":"has-post-thumbnail","6":"product_cat-pedra","7":"product_cat-miscelania","8":"product_shipping_class-lleugers","10":"first","11":"instock","12":"taxable","13":"shipping-taxable","14":"purchasable","15":"product-type-simple"},"jetpack_sharing_enabled":true,"_links":{"self":[{"href":"https:\/\/guspiramoncreatiu.com\/es\/wp-json\/wp\/v2\/product\/5851","targetHints":{"allow":["GET"]}}],"collection":[{"href":"https:\/\/guspiramoncreatiu.com\/es\/wp-json\/wp\/v2\/product"}],"about":[{"href":"https:\/\/guspiramoncreatiu.com\/es\/wp-json\/wp\/v2\/types\/product"}],"version-history":[{"count":0,"href":"https:\/\/guspiramoncreatiu.com\/es\/wp-json\/wp\/v2\/product\/5851\/revisions"}],"wp:featuredmedia":[{"embeddable":true,"href":"https:\/\/guspiramoncreatiu.com\/es\/wp-json\/wp\/v2\/media\/4837"}],"wp:attachment":[{"href":"https:\/\/guspiramoncreatiu.com\/es\/wp-json\/wp\/v2\/media?parent=5851"}],"wp:term":[{"taxonomy":"product_brand","embeddable":true,"href":"https:\/\/guspiramoncreatiu.com\/es\/wp-json\/wp\/v2\/product_brand?post=5851"},{"taxonomy":"product_cat","embeddable":true,"href":"https:\/\/guspiramoncreatiu.com\/es\/wp-json\/wp\/v2\/product_cat?post=5851"},{"taxonomy":"product_tag","embeddable":true,"href":"https:\/\/guspiramoncreatiu.com\/es\/wp-json\/wp\/v2\/product_tag?post=5851"}],"curies":[{"name":"wp","href":"https:\/\/api.w.org\/{rel}","templated":true}]}}