{"id":5841,"date":"2023-11-07T11:41:41","date_gmt":"2023-11-07T10:41:41","guid":{"rendered":"https:\/\/guspiramoncreatiu.com\/producto\/en-ti-vive\/"},"modified":"2024-11-22T13:29:20","modified_gmt":"2024-11-22T12:29:20","slug":"en-ti-vive","status":"publish","type":"product","link":"https:\/\/guspiramoncreatiu.com\/es\/producto\/en-ti-vive\/","title":{"rendered":"en ti vive&#8230;"},"content":{"rendered":"<p>\u00aben ti vive la luz de todas las estrellas\u00bb L\u00e1mina para enmarcar con texto transferido sobre tejido, bordado sobre tejido de lino te\u00f1ido con tintes naturales y palabra con alambre dulce imagen de una figura de Fumiya Wanatabe<\/p>\n<ul>\n<li>las l\u00e1minas pueden presentar peque\u00f1os detalles diferentes de acabado, puedo enviar imagen antes de realizar la entrega<\/li>\n<\/ul>\n<p>&nbsp;<\/p>\n<p>Medida 21&#215;30 cm (no incluye el marco)<\/p>\n","protected":false},"excerpt":{"rendered":"<p>\u00aben ti vive la luz de todas las estrellas\u00bb L\u00e1mina para enmarcar con texto transferido sobre tejido, bordado sobre tejido de lino te\u00f1ido con tintes naturales y palabra con alambre dulce imagen de una figura de Fumiya Wanatabe las l\u00e1minas pueden presentar peque\u00f1os detalles diferentes de acabado, puedo enviar imagen antes de realizar la entrega [&hellip;]<\/p>\n","protected":false},"featured_media":5063,"template":"","meta":[],"product_brand":[],"product_cat":[154,153],"product_tag":[],"class_list":{"0":"post-5841","1":"product","2":"type-product","3":"status-publish","4":"has-post-thumbnail","6":"product_cat-laminas-es","7":"product_cat-laminas","8":"product_shipping_class-6-e","10":"first","11":"outofstock","12":"taxable","13":"shipping-taxable","14":"purchasable","15":"product-type-simple"},"jetpack_sharing_enabled":true,"_links":{"self":[{"href":"https:\/\/guspiramoncreatiu.com\/es\/wp-json\/wp\/v2\/product\/5841","targetHints":{"allow":["GET"]}}],"collection":[{"href":"https:\/\/guspiramoncreatiu.com\/es\/wp-json\/wp\/v2\/product"}],"about":[{"href":"https:\/\/guspiramoncreatiu.com\/es\/wp-json\/wp\/v2\/types\/product"}],"version-history":[{"count":0,"href":"https:\/\/guspiramoncreatiu.com\/es\/wp-json\/wp\/v2\/product\/5841\/revisions"}],"wp:featuredmedia":[{"embeddable":true,"href":"https:\/\/guspiramoncreatiu.com\/es\/wp-json\/wp\/v2\/media\/5063"}],"wp:attachment":[{"href":"https:\/\/guspiramoncreatiu.com\/es\/wp-json\/wp\/v2\/media?parent=5841"}],"wp:term":[{"taxonomy":"product_brand","embeddable":true,"href":"https:\/\/guspiramoncreatiu.com\/es\/wp-json\/wp\/v2\/product_brand?post=5841"},{"taxonomy":"product_cat","embeddable":true,"href":"https:\/\/guspiramoncreatiu.com\/es\/wp-json\/wp\/v2\/product_cat?post=5841"},{"taxonomy":"product_tag","embeddable":true,"href":"https:\/\/guspiramoncreatiu.com\/es\/wp-json\/wp\/v2\/product_tag?post=5841"}],"curies":[{"name":"wp","href":"https:\/\/api.w.org\/{rel}","templated":true}]}}