{"id":5826,"date":"2023-11-07T11:36:31","date_gmt":"2023-11-07T11:36:31","guid":{"rendered":"https:\/\/guspiramoncreatiu.com\/producto\/ciego-quien-no\/"},"modified":"2024-11-22T13:29:10","modified_gmt":"2024-11-22T12:29:10","slug":"ciego-quien-no","status":"publish","type":"product","link":"https:\/\/guspiramoncreatiu.com\/es\/producto\/ciego-quien-no\/","title":{"rendered":"ciego quien no&#8230;"},"content":{"rendered":"<p>L\u00e1mina para enmarcar con imagen transferida sobre papel, texto sobre tejido y bordado sobre cart\u00f3n con un bot\u00f3n cosido recuperado<\/p>\n<p> \u00abciego quien no ha cambiado por amor ninguna bombilla,<\/p>\n<p> desnudo quien no ha cosido por amor ning\u00fan bot\u00f3n\u00bb<\/p>\n<p> texto de Gemma Casamaj\u00f3<\/p>\n<p> tama\u00f1o: 21&#215;30 cm x 1.6mm base cart\u00f3n<\/p>\n<p> (no incluye el marco)<\/p>\n","protected":false},"excerpt":{"rendered":"<p>L\u00e1mina para enmarcar con imagen transferida sobre papel, texto sobre tejido y bordado sobre cart\u00f3n con un bot\u00f3n cosido recuperado \u00abciego quien no ha cambiado por amor ninguna bombilla, desnudo quien no ha cosido por amor ning\u00fan bot\u00f3n\u00bb texto de Gemma Casamaj\u00f3 tama\u00f1o: 21&#215;30 cm x 1.6mm base cart\u00f3n (no incluye el marco)<\/p>\n","protected":false},"featured_media":6634,"template":"","meta":[],"product_brand":[],"product_cat":[153,154],"product_tag":[],"class_list":{"0":"post-5826","1":"product","2":"type-product","3":"status-publish","4":"has-post-thumbnail","6":"product_cat-laminas","7":"product_cat-laminas-es","8":"product_shipping_class-6-e","10":"first","11":"instock","12":"taxable","13":"shipping-taxable","14":"purchasable","15":"product-type-simple"},"jetpack_sharing_enabled":true,"_links":{"self":[{"href":"https:\/\/guspiramoncreatiu.com\/es\/wp-json\/wp\/v2\/product\/5826","targetHints":{"allow":["GET"]}}],"collection":[{"href":"https:\/\/guspiramoncreatiu.com\/es\/wp-json\/wp\/v2\/product"}],"about":[{"href":"https:\/\/guspiramoncreatiu.com\/es\/wp-json\/wp\/v2\/types\/product"}],"version-history":[{"count":0,"href":"https:\/\/guspiramoncreatiu.com\/es\/wp-json\/wp\/v2\/product\/5826\/revisions"}],"wp:featuredmedia":[{"embeddable":true,"href":"https:\/\/guspiramoncreatiu.com\/es\/wp-json\/wp\/v2\/media\/6634"}],"wp:attachment":[{"href":"https:\/\/guspiramoncreatiu.com\/es\/wp-json\/wp\/v2\/media?parent=5826"}],"wp:term":[{"taxonomy":"product_brand","embeddable":true,"href":"https:\/\/guspiramoncreatiu.com\/es\/wp-json\/wp\/v2\/product_brand?post=5826"},{"taxonomy":"product_cat","embeddable":true,"href":"https:\/\/guspiramoncreatiu.com\/es\/wp-json\/wp\/v2\/product_cat?post=5826"},{"taxonomy":"product_tag","embeddable":true,"href":"https:\/\/guspiramoncreatiu.com\/es\/wp-json\/wp\/v2\/product_tag?post=5826"}],"curies":[{"name":"wp","href":"https:\/\/api.w.org\/{rel}","templated":true}]}}