{"id":5824,"date":"2023-11-07T11:48:52","date_gmt":"2023-11-07T10:48:52","guid":{"rendered":"https:\/\/guspiramoncreatiu.com\/producto\/y-si-es-necesario-nos-detendremos\/"},"modified":"2024-11-22T13:29:09","modified_gmt":"2024-11-22T12:29:09","slug":"y-si-es-necesario-nos-detendremos","status":"publish","type":"product","link":"https:\/\/guspiramoncreatiu.com\/es\/producto\/y-si-es-necesario-nos-detendremos\/","title":{"rendered":"y si es necesario nos detendremos&#8230;"},"content":{"rendered":"<p>\u00aby si es necesario nos detendremos las veces que sea necesario<\/p>\n<p> para entender el camino\u00bb texto de M\u00edriam Culler\u00e9<\/p>\n<p> L\u00e1mina para enmarcar con imagen transferida sobre papel, texto transferido sobre tejido y bordado sobre cart\u00f3n<\/p>\n<p>&nbsp;<\/p>\n<p> Medida: 21&#215;30 cm x 1.6mm base cart\u00f3n<\/p>\n<p> (no incluye el marco)<\/p>\n","protected":false},"excerpt":{"rendered":"<p>\u00aby si es necesario nos detendremos las veces que sea necesario para entender el camino\u00bb texto de M\u00edriam Culler\u00e9 L\u00e1mina para enmarcar con imagen transferida sobre papel, texto transferido sobre tejido y bordado sobre cart\u00f3n &nbsp; Medida: 21&#215;30 cm x 1.6mm base cart\u00f3n (no incluye el marco)<\/p>\n","protected":false},"featured_media":4795,"template":"","meta":[],"product_brand":[],"product_cat":[153,154],"product_tag":[],"class_list":{"0":"post-5824","1":"product","2":"type-product","3":"status-publish","4":"has-post-thumbnail","6":"product_cat-laminas","7":"product_cat-laminas-es","8":"product_shipping_class-6-e","10":"first","11":"instock","12":"taxable","13":"shipping-taxable","14":"purchasable","15":"product-type-simple"},"jetpack_sharing_enabled":true,"_links":{"self":[{"href":"https:\/\/guspiramoncreatiu.com\/es\/wp-json\/wp\/v2\/product\/5824","targetHints":{"allow":["GET"]}}],"collection":[{"href":"https:\/\/guspiramoncreatiu.com\/es\/wp-json\/wp\/v2\/product"}],"about":[{"href":"https:\/\/guspiramoncreatiu.com\/es\/wp-json\/wp\/v2\/types\/product"}],"version-history":[{"count":0,"href":"https:\/\/guspiramoncreatiu.com\/es\/wp-json\/wp\/v2\/product\/5824\/revisions"}],"wp:featuredmedia":[{"embeddable":true,"href":"https:\/\/guspiramoncreatiu.com\/es\/wp-json\/wp\/v2\/media\/4795"}],"wp:attachment":[{"href":"https:\/\/guspiramoncreatiu.com\/es\/wp-json\/wp\/v2\/media?parent=5824"}],"wp:term":[{"taxonomy":"product_brand","embeddable":true,"href":"https:\/\/guspiramoncreatiu.com\/es\/wp-json\/wp\/v2\/product_brand?post=5824"},{"taxonomy":"product_cat","embeddable":true,"href":"https:\/\/guspiramoncreatiu.com\/es\/wp-json\/wp\/v2\/product_cat?post=5824"},{"taxonomy":"product_tag","embeddable":true,"href":"https:\/\/guspiramoncreatiu.com\/es\/wp-json\/wp\/v2\/product_tag?post=5824"}],"curies":[{"name":"wp","href":"https:\/\/api.w.org\/{rel}","templated":true}]}}