{"id":5815,"date":"2023-11-07T11:55:08","date_gmt":"2023-11-07T10:55:08","guid":{"rendered":"https:\/\/guspiramoncreatiu.com\/producto\/sziven-eres-mi-corazon\/"},"modified":"2024-11-22T13:28:54","modified_gmt":"2024-11-22T12:28:54","slug":"sziven-eres-mi-corazon","status":"publish","type":"product","link":"https:\/\/guspiramoncreatiu.com\/es\/producto\/sziven-eres-mi-corazon\/","title":{"rendered":"sz\u00edven, eres mi coraz\u00f3n"},"content":{"rendered":"<p>L\u00e1mina para enmacar con texto transferido sobre papel, imagen transferida sobre tejido, bordado sobre cart\u00f3n y un peque\u00f1o bot\u00f3n recuperado<\/p>\n<p> \u00absz\u00edven, eres mi coraz\u00f3n\u00bb (h\u00fangaro)<\/p>\n<p> tama\u00f1o: 21&#215;30 cm x 1.6mm base cart\u00f3n<\/p>\n<p> (no incluye el marco)<\/p>\n","protected":false},"excerpt":{"rendered":"<p>L\u00e1mina para enmacar con texto transferido sobre papel, imagen transferida sobre tejido, bordado sobre cart\u00f3n y un peque\u00f1o bot\u00f3n recuperado \u00absz\u00edven, eres mi coraz\u00f3n\u00bb (h\u00fangaro) tama\u00f1o: 21&#215;30 cm x 1.6mm base cart\u00f3n (no incluye el marco)<\/p>\n","protected":false},"featured_media":4475,"template":"","meta":[],"product_brand":[],"product_cat":[153,154],"product_tag":[],"class_list":{"0":"post-5815","1":"product","2":"type-product","3":"status-publish","4":"has-post-thumbnail","6":"product_cat-laminas","7":"product_cat-laminas-es","8":"product_shipping_class-6-e","10":"first","11":"instock","12":"taxable","13":"shipping-taxable","14":"purchasable","15":"product-type-simple"},"jetpack_sharing_enabled":true,"_links":{"self":[{"href":"https:\/\/guspiramoncreatiu.com\/es\/wp-json\/wp\/v2\/product\/5815","targetHints":{"allow":["GET"]}}],"collection":[{"href":"https:\/\/guspiramoncreatiu.com\/es\/wp-json\/wp\/v2\/product"}],"about":[{"href":"https:\/\/guspiramoncreatiu.com\/es\/wp-json\/wp\/v2\/types\/product"}],"version-history":[{"count":0,"href":"https:\/\/guspiramoncreatiu.com\/es\/wp-json\/wp\/v2\/product\/5815\/revisions"}],"wp:featuredmedia":[{"embeddable":true,"href":"https:\/\/guspiramoncreatiu.com\/es\/wp-json\/wp\/v2\/media\/4475"}],"wp:attachment":[{"href":"https:\/\/guspiramoncreatiu.com\/es\/wp-json\/wp\/v2\/media?parent=5815"}],"wp:term":[{"taxonomy":"product_brand","embeddable":true,"href":"https:\/\/guspiramoncreatiu.com\/es\/wp-json\/wp\/v2\/product_brand?post=5815"},{"taxonomy":"product_cat","embeddable":true,"href":"https:\/\/guspiramoncreatiu.com\/es\/wp-json\/wp\/v2\/product_cat?post=5815"},{"taxonomy":"product_tag","embeddable":true,"href":"https:\/\/guspiramoncreatiu.com\/es\/wp-json\/wp\/v2\/product_tag?post=5815"}],"curies":[{"name":"wp","href":"https:\/\/api.w.org\/{rel}","templated":true}]}}