{"id":5808,"date":"2023-11-07T12:03:41","date_gmt":"2023-11-07T11:03:41","guid":{"rendered":"https:\/\/guspiramoncreatiu.com\/producto\/ojala\/"},"modified":"2024-11-22T13:28:50","modified_gmt":"2024-11-22T12:28:50","slug":"ojala","status":"publish","type":"product","link":"https:\/\/guspiramoncreatiu.com\/es\/producto\/ojala\/","title":{"rendered":"ojal\u00e1.."},"content":{"rendered":"<p>\u00abojal\u00e1 que el obst\u00e1culo m\u00e1s cercano te sea el firmamento\u00bb<\/p>\n<p> L\u00e1mina para enmarcar con texto transferido sobre tejido, imagen transferida sobre papel, bordado sobre cart\u00f3n y un peque\u00f1o bot\u00f3n recuperado<\/p>\n<p> texto: Henry David Thoreau<\/p>\n<p>&nbsp;<\/p>\n<p> tama\u00f1o: 21&#215;30 cm x 1.6mm base cart\u00f3n<\/p>\n<p> (no incluye el marco)<\/p>\n","protected":false},"excerpt":{"rendered":"<p>\u00abojal\u00e1 que el obst\u00e1culo m\u00e1s cercano te sea el firmamento\u00bb L\u00e1mina para enmarcar con texto transferido sobre tejido, imagen transferida sobre papel, bordado sobre cart\u00f3n y un peque\u00f1o bot\u00f3n recuperado texto: Henry David Thoreau &nbsp; tama\u00f1o: 21&#215;30 cm x 1.6mm base cart\u00f3n (no incluye el marco)<\/p>\n","protected":false},"featured_media":4999,"template":"","meta":[],"product_brand":[],"product_cat":[153,154],"product_tag":[],"class_list":{"0":"post-5808","1":"product","2":"type-product","3":"status-publish","4":"has-post-thumbnail","6":"product_cat-laminas","7":"product_cat-laminas-es","8":"product_shipping_class-6-e","10":"first","11":"instock","12":"taxable","13":"shipping-taxable","14":"purchasable","15":"product-type-simple"},"jetpack_sharing_enabled":true,"_links":{"self":[{"href":"https:\/\/guspiramoncreatiu.com\/es\/wp-json\/wp\/v2\/product\/5808","targetHints":{"allow":["GET"]}}],"collection":[{"href":"https:\/\/guspiramoncreatiu.com\/es\/wp-json\/wp\/v2\/product"}],"about":[{"href":"https:\/\/guspiramoncreatiu.com\/es\/wp-json\/wp\/v2\/types\/product"}],"version-history":[{"count":0,"href":"https:\/\/guspiramoncreatiu.com\/es\/wp-json\/wp\/v2\/product\/5808\/revisions"}],"wp:featuredmedia":[{"embeddable":true,"href":"https:\/\/guspiramoncreatiu.com\/es\/wp-json\/wp\/v2\/media\/4999"}],"wp:attachment":[{"href":"https:\/\/guspiramoncreatiu.com\/es\/wp-json\/wp\/v2\/media?parent=5808"}],"wp:term":[{"taxonomy":"product_brand","embeddable":true,"href":"https:\/\/guspiramoncreatiu.com\/es\/wp-json\/wp\/v2\/product_brand?post=5808"},{"taxonomy":"product_cat","embeddable":true,"href":"https:\/\/guspiramoncreatiu.com\/es\/wp-json\/wp\/v2\/product_cat?post=5808"},{"taxonomy":"product_tag","embeddable":true,"href":"https:\/\/guspiramoncreatiu.com\/es\/wp-json\/wp\/v2\/product_tag?post=5808"}],"curies":[{"name":"wp","href":"https:\/\/api.w.org\/{rel}","templated":true}]}}