{"id":5804,"date":"2023-11-15T11:41:23","date_gmt":"2023-11-15T10:41:23","guid":{"rendered":"https:\/\/guspiramoncreatiu.com\/producto\/negra-ribete-marron\/"},"modified":"2024-11-22T13:28:47","modified_gmt":"2024-11-22T12:28:47","slug":"negra-ribete-marron","status":"publish","type":"product","link":"https:\/\/guspiramoncreatiu.com\/es\/producto\/negra-ribete-marron\/","title":{"rendered":"negra &#8211; ribete marr\u00f3n"},"content":{"rendered":"<p>una piedra recogida en la playa envuelta de ganchillo con hilo de lino y sujeta a la pared con un taco de madera preparado.<\/p>\n<p> Incluye un tarjet\u00f3n de papel de semillas donde escribir el prop\u00f3sito y poder plantarlo una vez \u00e9ste ya se haya cumplido o revisado (incluso los prop\u00f3sitos que no se cumplen dan sus frutos)<\/p>\n<p>&nbsp;<\/p>\n<p> Tama\u00f1o piedra: 10 x 15<\/p>\n","protected":false},"excerpt":{"rendered":"<p>una piedra recogida en la playa envuelta de ganchillo con hilo de lino y sujeta a la pared con un taco de madera preparado. Incluye un tarjet\u00f3n de papel de semillas donde escribir el prop\u00f3sito y poder plantarlo una vez \u00e9ste ya se haya cumplido o revisado (incluso los prop\u00f3sitos que no se cumplen dan [&hellip;]<\/p>\n","protected":false},"featured_media":4511,"template":"","meta":[],"product_brand":[],"product_cat":[175,193],"product_tag":[],"class_list":{"0":"post-5804","1":"product","2":"type-product","3":"status-publish","4":"has-post-thumbnail","6":"product_cat-guspira-arte","7":"product_cat-piedra-raiz","8":"product_shipping_class-6-e","10":"first","11":"instock","12":"taxable","13":"shipping-taxable","14":"purchasable","15":"product-type-simple"},"jetpack_sharing_enabled":true,"_links":{"self":[{"href":"https:\/\/guspiramoncreatiu.com\/es\/wp-json\/wp\/v2\/product\/5804","targetHints":{"allow":["GET"]}}],"collection":[{"href":"https:\/\/guspiramoncreatiu.com\/es\/wp-json\/wp\/v2\/product"}],"about":[{"href":"https:\/\/guspiramoncreatiu.com\/es\/wp-json\/wp\/v2\/types\/product"}],"version-history":[{"count":0,"href":"https:\/\/guspiramoncreatiu.com\/es\/wp-json\/wp\/v2\/product\/5804\/revisions"}],"wp:featuredmedia":[{"embeddable":true,"href":"https:\/\/guspiramoncreatiu.com\/es\/wp-json\/wp\/v2\/media\/4511"}],"wp:attachment":[{"href":"https:\/\/guspiramoncreatiu.com\/es\/wp-json\/wp\/v2\/media?parent=5804"}],"wp:term":[{"taxonomy":"product_brand","embeddable":true,"href":"https:\/\/guspiramoncreatiu.com\/es\/wp-json\/wp\/v2\/product_brand?post=5804"},{"taxonomy":"product_cat","embeddable":true,"href":"https:\/\/guspiramoncreatiu.com\/es\/wp-json\/wp\/v2\/product_cat?post=5804"},{"taxonomy":"product_tag","embeddable":true,"href":"https:\/\/guspiramoncreatiu.com\/es\/wp-json\/wp\/v2\/product_tag?post=5804"}],"curies":[{"name":"wp","href":"https:\/\/api.w.org\/{rel}","templated":true}]}}