{"id":5774,"date":"2023-11-15T12:38:59","date_gmt":"2023-11-15T11:38:59","guid":{"rendered":"https:\/\/guspiramoncreatiu.com\/producto\/graffiti\/"},"modified":"2024-11-22T13:28:06","modified_gmt":"2024-11-22T12:28:06","slug":"graffiti","status":"publish","type":"product","link":"https:\/\/guspiramoncreatiu.com\/es\/producto\/graffiti\/","title":{"rendered":"graffiti"},"content":{"rendered":"<p>Mini casitas de alambre dulce con im\u00e1genes transferidas sobre papel de arroz sobre una base de madera de deriva naturaleza.<\/p>\n<p> fotograf\u00eda de un graffiti de Lanzarote<\/p>\n<p> Tama\u00f1o: 6x13x3 casita<\/p>\n<p> 10x30x8 total<\/p>\n<p>&nbsp;<\/p>\n<p>&nbsp;<\/p>\n","protected":false},"excerpt":{"rendered":"<p>Mini casitas de alambre dulce con im\u00e1genes transferidas sobre papel de arroz sobre una base de madera de deriva naturaleza. fotograf\u00eda de un graffiti de Lanzarote Tama\u00f1o: 6x13x3 casita 10x30x8 total &nbsp; &nbsp;<\/p>\n","protected":false},"featured_media":4573,"template":"","meta":[],"product_brand":[],"product_cat":[90,78],"product_tag":[],"class_list":{"0":"post-5774","1":"product","2":"type-product","3":"status-publish","4":"has-post-thumbnail","6":"product_cat-talaies","7":"product_cat-escultures","8":"product_shipping_class-lleugers","10":"first","11":"instock","12":"taxable","13":"shipping-taxable","14":"purchasable","15":"product-type-simple"},"jetpack_sharing_enabled":true,"_links":{"self":[{"href":"https:\/\/guspiramoncreatiu.com\/es\/wp-json\/wp\/v2\/product\/5774","targetHints":{"allow":["GET"]}}],"collection":[{"href":"https:\/\/guspiramoncreatiu.com\/es\/wp-json\/wp\/v2\/product"}],"about":[{"href":"https:\/\/guspiramoncreatiu.com\/es\/wp-json\/wp\/v2\/types\/product"}],"version-history":[{"count":0,"href":"https:\/\/guspiramoncreatiu.com\/es\/wp-json\/wp\/v2\/product\/5774\/revisions"}],"wp:featuredmedia":[{"embeddable":true,"href":"https:\/\/guspiramoncreatiu.com\/es\/wp-json\/wp\/v2\/media\/4573"}],"wp:attachment":[{"href":"https:\/\/guspiramoncreatiu.com\/es\/wp-json\/wp\/v2\/media?parent=5774"}],"wp:term":[{"taxonomy":"product_brand","embeddable":true,"href":"https:\/\/guspiramoncreatiu.com\/es\/wp-json\/wp\/v2\/product_brand?post=5774"},{"taxonomy":"product_cat","embeddable":true,"href":"https:\/\/guspiramoncreatiu.com\/es\/wp-json\/wp\/v2\/product_cat?post=5774"},{"taxonomy":"product_tag","embeddable":true,"href":"https:\/\/guspiramoncreatiu.com\/es\/wp-json\/wp\/v2\/product_tag?post=5774"}],"curies":[{"name":"wp","href":"https:\/\/api.w.org\/{rel}","templated":true}]}}