{"id":5772,"date":"2024-01-22T12:03:10","date_gmt":"2024-01-22T11:03:10","guid":{"rendered":"https:\/\/guspiramoncreatiu.com\/producto\/gravitando-el-mundo-aereo\/"},"modified":"2024-11-22T13:28:05","modified_gmt":"2024-11-22T12:28:05","slug":"gravitando-el-mundo-aereo","status":"publish","type":"product","link":"https:\/\/guspiramoncreatiu.com\/es\/producto\/gravitando-el-mundo-aereo\/","title":{"rendered":"\u00abgravitando el mundo a\u00e9reo\u00bb"},"content":{"rendered":"<p>Serie de 6 collage \u00abdanza\u00bb inspirados en el <a href=\"https:\/\/festivalnatures.com\/\" target=\"_blank\" rel=\"noopener\">festival_natures.com<\/a> de danza y propuestas art\u00edsticas en entornos rurales.<\/p>\n<p> danza y naturaleza en cada l\u00e1mina, el cuerpo como expresi\u00f3n<\/p>\n<p> \u00abgravitando el mundo a\u00e9reo\u00bb<\/p>\n<p>&nbsp;<\/p>\n<p> Medida: 21x30cm x1.6mm<\/p>\n<p> No incluye el marco.<\/p>\n","protected":false},"excerpt":{"rendered":"<p>Serie de 6 collage \u00abdanza\u00bb inspirados en el festival_natures.com de danza y propuestas art\u00edsticas en entornos rurales. danza y naturaleza en cada l\u00e1mina, el cuerpo como expresi\u00f3n \u00abgravitando el mundo a\u00e9reo\u00bb &nbsp; Medida: 21x30cm x1.6mm No incluye el marco.<\/p>\n","protected":false},"featured_media":5119,"template":"","meta":[],"product_brand":[],"product_cat":[176,153],"product_tag":[],"class_list":{"0":"post-5772","1":"product","2":"type-product","3":"status-publish","4":"has-post-thumbnail","6":"product_cat-collage-es","7":"product_cat-laminas","8":"product_shipping_class-6-e","10":"first","11":"instock","12":"sold-individually","13":"taxable","14":"shipping-taxable","15":"purchasable","16":"product-type-simple"},"jetpack_sharing_enabled":true,"_links":{"self":[{"href":"https:\/\/guspiramoncreatiu.com\/es\/wp-json\/wp\/v2\/product\/5772","targetHints":{"allow":["GET"]}}],"collection":[{"href":"https:\/\/guspiramoncreatiu.com\/es\/wp-json\/wp\/v2\/product"}],"about":[{"href":"https:\/\/guspiramoncreatiu.com\/es\/wp-json\/wp\/v2\/types\/product"}],"version-history":[{"count":0,"href":"https:\/\/guspiramoncreatiu.com\/es\/wp-json\/wp\/v2\/product\/5772\/revisions"}],"wp:featuredmedia":[{"embeddable":true,"href":"https:\/\/guspiramoncreatiu.com\/es\/wp-json\/wp\/v2\/media\/5119"}],"wp:attachment":[{"href":"https:\/\/guspiramoncreatiu.com\/es\/wp-json\/wp\/v2\/media?parent=5772"}],"wp:term":[{"taxonomy":"product_brand","embeddable":true,"href":"https:\/\/guspiramoncreatiu.com\/es\/wp-json\/wp\/v2\/product_brand?post=5772"},{"taxonomy":"product_cat","embeddable":true,"href":"https:\/\/guspiramoncreatiu.com\/es\/wp-json\/wp\/v2\/product_cat?post=5772"},{"taxonomy":"product_tag","embeddable":true,"href":"https:\/\/guspiramoncreatiu.com\/es\/wp-json\/wp\/v2\/product_tag?post=5772"}],"curies":[{"name":"wp","href":"https:\/\/api.w.org\/{rel}","templated":true}]}}