{"id":5764,"date":"2024-01-22T12:18:01","date_gmt":"2024-01-22T11:18:01","guid":{"rendered":"https:\/\/guspiramoncreatiu.com\/producto\/y-de-repente-un-giro-1\/"},"modified":"2024-11-22T13:28:00","modified_gmt":"2024-11-22T12:28:00","slug":"y-de-repente-un-giro-1","status":"publish","type":"product","link":"https:\/\/guspiramoncreatiu.com\/es\/producto\/y-de-repente-un-giro-1\/","title":{"rendered":"\u00aby de repente un giro&#8230;\u00bb 1"},"content":{"rendered":"<p>el primero de una serie de 3 collages con el texto \u00aby de repente un giro y el alma se despierta\u00bb&#8230;<\/p>\n<p> trabajado con cianotip\u00eda, bordado y elementos recuperados como el lino, el bot\u00f3n y el tronquete de deriva<\/p>\n<p>&nbsp;<\/p>\n<p> l\u00e1mina de 30&#215;40<\/p>\n<p> no incluye el marco<\/p>\n<p>&nbsp;<\/p>\n","protected":false},"excerpt":{"rendered":"<p>el primero de una serie de 3 collages con el texto \u00aby de repente un giro y el alma se despierta\u00bb&#8230; trabajado con cianotip\u00eda, bordado y elementos recuperados como el lino, el bot\u00f3n y el tronquete de deriva &nbsp; l\u00e1mina de 30&#215;40 no incluye el marco &nbsp;<\/p>\n","protected":false},"featured_media":4599,"template":"","meta":[],"product_brand":[],"product_cat":[176,153],"product_tag":[],"class_list":{"0":"post-5764","1":"product","2":"type-product","3":"status-publish","4":"has-post-thumbnail","6":"product_cat-collage-es","7":"product_cat-laminas","8":"product_shipping_class-6-e","10":"first","11":"outofstock","12":"sold-individually","13":"taxable","14":"shipping-taxable","15":"purchasable","16":"product-type-simple"},"jetpack_sharing_enabled":true,"_links":{"self":[{"href":"https:\/\/guspiramoncreatiu.com\/es\/wp-json\/wp\/v2\/product\/5764","targetHints":{"allow":["GET"]}}],"collection":[{"href":"https:\/\/guspiramoncreatiu.com\/es\/wp-json\/wp\/v2\/product"}],"about":[{"href":"https:\/\/guspiramoncreatiu.com\/es\/wp-json\/wp\/v2\/types\/product"}],"version-history":[{"count":0,"href":"https:\/\/guspiramoncreatiu.com\/es\/wp-json\/wp\/v2\/product\/5764\/revisions"}],"wp:featuredmedia":[{"embeddable":true,"href":"https:\/\/guspiramoncreatiu.com\/es\/wp-json\/wp\/v2\/media\/4599"}],"wp:attachment":[{"href":"https:\/\/guspiramoncreatiu.com\/es\/wp-json\/wp\/v2\/media?parent=5764"}],"wp:term":[{"taxonomy":"product_brand","embeddable":true,"href":"https:\/\/guspiramoncreatiu.com\/es\/wp-json\/wp\/v2\/product_brand?post=5764"},{"taxonomy":"product_cat","embeddable":true,"href":"https:\/\/guspiramoncreatiu.com\/es\/wp-json\/wp\/v2\/product_cat?post=5764"},{"taxonomy":"product_tag","embeddable":true,"href":"https:\/\/guspiramoncreatiu.com\/es\/wp-json\/wp\/v2\/product_tag?post=5764"}],"curies":[{"name":"wp","href":"https:\/\/api.w.org\/{rel}","templated":true}]}}