{"id":5752,"date":"2024-02-06T15:56:53","date_gmt":"2024-02-06T14:56:53","guid":{"rendered":"https:\/\/guspiramoncreatiu.com\/producto\/callejon-5\/"},"modified":"2024-11-22T13:27:44","modified_gmt":"2024-11-22T12:27:44","slug":"callejon-5","status":"publish","type":"product","link":"https:\/\/guspiramoncreatiu.com\/es\/producto\/callejon-5\/","title":{"rendered":"callej\u00f3n 5"},"content":{"rendered":"<p>recuerda la caba\u00f1a del abuelo, bajo los pinos que curan del calor.<\/p>\n<p> callej\u00f3n de alambre dulce de 1.3 mm sobre una base de madera de deriva natural.<\/p>\n<p>&nbsp;<\/p>\n<p> tama\u00f1o total: 22 x 5 x 13 alto<\/p>\n","protected":false},"excerpt":{"rendered":"<p>recuerda la caba\u00f1a del abuelo, bajo los pinos que curan del calor. callej\u00f3n de alambre dulce de 1.3 mm sobre una base de madera de deriva natural. &nbsp; tama\u00f1o total: 22 x 5 x 13 alto<\/p>\n","protected":false},"featured_media":4637,"template":"","meta":[],"product_brand":[],"product_cat":[192,145],"product_tag":[],"class_list":{"0":"post-5752","1":"product","2":"type-product","3":"status-publish","4":"has-post-thumbnail","6":"product_cat-callejones","7":"product_cat-esculturas","8":"product_shipping_class-6-e","10":"first","11":"instock","12":"sold-individually","13":"taxable","14":"shipping-taxable","15":"purchasable","16":"product-type-simple"},"jetpack_sharing_enabled":true,"_links":{"self":[{"href":"https:\/\/guspiramoncreatiu.com\/es\/wp-json\/wp\/v2\/product\/5752","targetHints":{"allow":["GET"]}}],"collection":[{"href":"https:\/\/guspiramoncreatiu.com\/es\/wp-json\/wp\/v2\/product"}],"about":[{"href":"https:\/\/guspiramoncreatiu.com\/es\/wp-json\/wp\/v2\/types\/product"}],"version-history":[{"count":0,"href":"https:\/\/guspiramoncreatiu.com\/es\/wp-json\/wp\/v2\/product\/5752\/revisions"}],"wp:featuredmedia":[{"embeddable":true,"href":"https:\/\/guspiramoncreatiu.com\/es\/wp-json\/wp\/v2\/media\/4637"}],"wp:attachment":[{"href":"https:\/\/guspiramoncreatiu.com\/es\/wp-json\/wp\/v2\/media?parent=5752"}],"wp:term":[{"taxonomy":"product_brand","embeddable":true,"href":"https:\/\/guspiramoncreatiu.com\/es\/wp-json\/wp\/v2\/product_brand?post=5752"},{"taxonomy":"product_cat","embeddable":true,"href":"https:\/\/guspiramoncreatiu.com\/es\/wp-json\/wp\/v2\/product_cat?post=5752"},{"taxonomy":"product_tag","embeddable":true,"href":"https:\/\/guspiramoncreatiu.com\/es\/wp-json\/wp\/v2\/product_tag?post=5752"}],"curies":[{"name":"wp","href":"https:\/\/api.w.org\/{rel}","templated":true}]}}