{"id":5733,"date":"2024-02-08T12:11:03","date_gmt":"2024-02-08T11:11:03","guid":{"rendered":"https:\/\/guspiramoncreatiu.com\/producto\/sombras-de-luz-2\/"},"modified":"2024-11-22T13:27:23","modified_gmt":"2024-11-22T12:27:23","slug":"sombras-de-luz-2","status":"publish","type":"product","link":"https:\/\/guspiramoncreatiu.com\/es\/producto\/sombras-de-luz-2\/","title":{"rendered":"sombras de luz 2"},"content":{"rendered":"<p>me encanta distraerse ante las sombras que las plantas y \u00e1rboles forman en las fachadas, ratos tranquilos al sol.<\/p>\n<p> De ah\u00ed salen estas peque\u00f1as luces, ideales para acompa\u00f1arnos en el descanso de las noches.<\/p>\n<p>&nbsp;<\/p>\n<p> luz con estructura de alambre y papel de seda sobre una base de madera de deriva en crudo<\/p>\n<p> lleva una bombilla G9 de 5W<\/p>\n<p>&nbsp;<\/p>\n<p> tama\u00f1os totales: 22 x 9 x 19 alto<\/p>\n","protected":false},"excerpt":{"rendered":"<p>me encanta distraerse ante las sombras que las plantas y \u00e1rboles forman en las fachadas, ratos tranquilos al sol. De ah\u00ed salen estas peque\u00f1as luces, ideales para acompa\u00f1arnos en el descanso de las noches. &nbsp; luz con estructura de alambre y papel de seda sobre una base de madera de deriva en crudo lleva una [&hellip;]<\/p>\n","protected":false},"featured_media":4667,"template":"","meta":[],"product_brand":[],"product_cat":[156,155],"product_tag":[],"class_list":{"0":"post-5733","1":"product","2":"type-product","3":"status-publish","4":"has-post-thumbnail","6":"product_cat-fachadas-de-sombras","7":"product_cat-luces","8":"product_shipping_class-6-e","10":"first","11":"instock","12":"sold-individually","13":"taxable","14":"shipping-taxable","15":"purchasable","16":"product-type-simple"},"jetpack_sharing_enabled":true,"_links":{"self":[{"href":"https:\/\/guspiramoncreatiu.com\/es\/wp-json\/wp\/v2\/product\/5733","targetHints":{"allow":["GET"]}}],"collection":[{"href":"https:\/\/guspiramoncreatiu.com\/es\/wp-json\/wp\/v2\/product"}],"about":[{"href":"https:\/\/guspiramoncreatiu.com\/es\/wp-json\/wp\/v2\/types\/product"}],"version-history":[{"count":0,"href":"https:\/\/guspiramoncreatiu.com\/es\/wp-json\/wp\/v2\/product\/5733\/revisions"}],"wp:featuredmedia":[{"embeddable":true,"href":"https:\/\/guspiramoncreatiu.com\/es\/wp-json\/wp\/v2\/media\/4667"}],"wp:attachment":[{"href":"https:\/\/guspiramoncreatiu.com\/es\/wp-json\/wp\/v2\/media?parent=5733"}],"wp:term":[{"taxonomy":"product_brand","embeddable":true,"href":"https:\/\/guspiramoncreatiu.com\/es\/wp-json\/wp\/v2\/product_brand?post=5733"},{"taxonomy":"product_cat","embeddable":true,"href":"https:\/\/guspiramoncreatiu.com\/es\/wp-json\/wp\/v2\/product_cat?post=5733"},{"taxonomy":"product_tag","embeddable":true,"href":"https:\/\/guspiramoncreatiu.com\/es\/wp-json\/wp\/v2\/product_tag?post=5733"}],"curies":[{"name":"wp","href":"https:\/\/api.w.org\/{rel}","templated":true}]}}