{"id":5721,"date":"2024-02-27T10:41:56","date_gmt":"2024-02-27T09:41:56","guid":{"rendered":"https:\/\/guspiramoncreatiu.com\/producto\/almendro\/"},"modified":"2025-01-13T17:00:08","modified_gmt":"2025-01-13T16:00:08","slug":"almendro","status":"publish","type":"product","link":"https:\/\/guspiramoncreatiu.com\/es\/producto\/almendro\/","title":{"rendered":"almendro"},"content":{"rendered":"<p>el almendro, casa, paisaje\u2026<\/p>\n<p> mini casita de alambre dulce con imagen transferida sobre papel de arroz en una base de madera de deriva naturaleza.<\/p>\n<p> almendro del Urgell, caminando hacia Verd\u00fa<\/p>\n<p>&nbsp;<\/p>\n<p> Tama\u00f1o: 6 \u00d7 21 \u00d7 3 casita<\/p>\n<p> 6 x 28 x 6 total<\/p>\n","protected":false},"excerpt":{"rendered":"<p>el almendro, casa, paisaje\u2026 mini casita de alambre dulce con imagen transferida sobre papel de arroz en una base de madera de deriva naturaleza. almendro del Urgell, caminando hacia Verd\u00fa &nbsp; Tama\u00f1o: 6 \u00d7 21 \u00d7 3 casita 6 x 28 x 6 total<\/p>\n","protected":false},"featured_media":4757,"template":"","meta":[],"product_brand":[],"product_cat":[190,145],"product_tag":[],"class_list":{"0":"post-5721","1":"product","2":"type-product","3":"status-publish","4":"has-post-thumbnail","6":"product_cat-atalayas","7":"product_cat-esculturas","8":"product_shipping_class-6-e","10":"first","11":"instock","12":"sold-individually","13":"taxable","14":"shipping-taxable","15":"purchasable","16":"product-type-simple"},"jetpack_sharing_enabled":true,"_links":{"self":[{"href":"https:\/\/guspiramoncreatiu.com\/es\/wp-json\/wp\/v2\/product\/5721","targetHints":{"allow":["GET"]}}],"collection":[{"href":"https:\/\/guspiramoncreatiu.com\/es\/wp-json\/wp\/v2\/product"}],"about":[{"href":"https:\/\/guspiramoncreatiu.com\/es\/wp-json\/wp\/v2\/types\/product"}],"version-history":[{"count":0,"href":"https:\/\/guspiramoncreatiu.com\/es\/wp-json\/wp\/v2\/product\/5721\/revisions"}],"wp:featuredmedia":[{"embeddable":true,"href":"https:\/\/guspiramoncreatiu.com\/es\/wp-json\/wp\/v2\/media\/4757"}],"wp:attachment":[{"href":"https:\/\/guspiramoncreatiu.com\/es\/wp-json\/wp\/v2\/media?parent=5721"}],"wp:term":[{"taxonomy":"product_brand","embeddable":true,"href":"https:\/\/guspiramoncreatiu.com\/es\/wp-json\/wp\/v2\/product_brand?post=5721"},{"taxonomy":"product_cat","embeddable":true,"href":"https:\/\/guspiramoncreatiu.com\/es\/wp-json\/wp\/v2\/product_cat?post=5721"},{"taxonomy":"product_tag","embeddable":true,"href":"https:\/\/guspiramoncreatiu.com\/es\/wp-json\/wp\/v2\/product_tag?post=5721"}],"curies":[{"name":"wp","href":"https:\/\/api.w.org\/{rel}","templated":true}]}}