{"id":5714,"date":"2024-02-08T13:16:12","date_gmt":"2024-02-08T12:16:12","guid":{"rendered":"https:\/\/guspiramoncreatiu.com\/producto\/y-de-repente\/"},"modified":"2024-11-22T13:26:54","modified_gmt":"2024-11-22T12:26:54","slug":"y-de-repente","status":"publish","type":"product","link":"https:\/\/guspiramoncreatiu.com\/es\/producto\/y-de-repente\/","title":{"rendered":"y de repente&#8230;"},"content":{"rendered":"<p>vas caminando por el campo y de repente&#8230; te encuentras una obra de arte entre m\u00e1rgenes y campos bald\u00edos el land art es un movimiento que crea arte en la naturaleza y con la naturaleza, ef\u00edmero, generoso, sorprendente siempre gusta aqu\u00ed se dedica a regalarnos estos momentos maravillosos<\/p>\n<p>&nbsp;<\/p>\n<p>estructura de alambre con papel de seda sobre una base de madera de deriva cruda incluye una bombilla G9 de 5w<\/p>\n<p>&nbsp;<\/p>\n<p>tama\u00f1o total: 17 x 7 x 24<\/p>\n","protected":false},"excerpt":{"rendered":"<p>vas caminando por el campo y de repente&#8230; te encuentras una obra de arte entre m\u00e1rgenes y campos bald\u00edos el land art es un movimiento que crea arte en la naturaleza y con la naturaleza, ef\u00edmero, generoso, sorprendente siempre gusta aqu\u00ed se dedica a regalarnos estos momentos maravillosos &nbsp; estructura de alambre con papel de [&hellip;]<\/p>\n","protected":false},"featured_media":4713,"template":"","meta":[],"product_brand":[],"product_cat":[155,167],"product_tag":[],"class_list":{"0":"post-5714","1":"product","2":"type-product","3":"status-publish","4":"has-post-thumbnail","6":"product_cat-luces","7":"product_cat-paisajes","8":"product_shipping_class-6-e","10":"first","11":"instock","12":"sold-individually","13":"taxable","14":"shipping-taxable","15":"purchasable","16":"product-type-simple"},"jetpack_sharing_enabled":true,"_links":{"self":[{"href":"https:\/\/guspiramoncreatiu.com\/es\/wp-json\/wp\/v2\/product\/5714","targetHints":{"allow":["GET"]}}],"collection":[{"href":"https:\/\/guspiramoncreatiu.com\/es\/wp-json\/wp\/v2\/product"}],"about":[{"href":"https:\/\/guspiramoncreatiu.com\/es\/wp-json\/wp\/v2\/types\/product"}],"version-history":[{"count":0,"href":"https:\/\/guspiramoncreatiu.com\/es\/wp-json\/wp\/v2\/product\/5714\/revisions"}],"wp:featuredmedia":[{"embeddable":true,"href":"https:\/\/guspiramoncreatiu.com\/es\/wp-json\/wp\/v2\/media\/4713"}],"wp:attachment":[{"href":"https:\/\/guspiramoncreatiu.com\/es\/wp-json\/wp\/v2\/media?parent=5714"}],"wp:term":[{"taxonomy":"product_brand","embeddable":true,"href":"https:\/\/guspiramoncreatiu.com\/es\/wp-json\/wp\/v2\/product_brand?post=5714"},{"taxonomy":"product_cat","embeddable":true,"href":"https:\/\/guspiramoncreatiu.com\/es\/wp-json\/wp\/v2\/product_cat?post=5714"},{"taxonomy":"product_tag","embeddable":true,"href":"https:\/\/guspiramoncreatiu.com\/es\/wp-json\/wp\/v2\/product_tag?post=5714"}],"curies":[{"name":"wp","href":"https:\/\/api.w.org\/{rel}","templated":true}]}}