{"id":5713,"date":"2024-02-27T10:44:52","date_gmt":"2024-02-27T09:44:52","guid":{"rendered":"https:\/\/guspiramoncreatiu.com\/producto\/ventana-ermita\/"},"modified":"2025-01-13T16:50:09","modified_gmt":"2025-01-13T15:50:09","slug":"ventana-ermita","status":"publish","type":"product","link":"https:\/\/guspiramoncreatiu.com\/es\/producto\/ventana-ermita\/","title":{"rendered":"ventana de ermita"},"content":{"rendered":"<p>me encantan las ermitas y las del sur, pintadas de blanco especialmente, \u00e9sta est\u00e1 en Lanzarote\u2026<\/p>\n<p>mini casita de alambre dulce con imagen transferida sobre papel de arroz en una base de madera de deriva natural.<\/p>\n<p>&nbsp;<\/p>\n<p>Tama\u00f1o: 6 \u00d7 26 \u00d7 3 casita<\/p>\n<p>6 x 32 x 6 total<\/p>\n","protected":false},"excerpt":{"rendered":"<p>me encantan las ermitas y las del sur, pintadas de blanco especialmente, \u00e9sta est\u00e1 en Lanzarote\u2026 mini casita de alambre dulce con imagen transferida sobre papel de arroz en una base de madera de deriva natural. &nbsp; Tama\u00f1o: 6 \u00d7 26 \u00d7 3 casita 6 x 32 x 6 total<\/p>\n","protected":false},"featured_media":4763,"template":"","meta":[],"product_brand":[],"product_cat":[190,145],"product_tag":[],"class_list":{"0":"post-5713","1":"product","2":"type-product","3":"status-publish","4":"has-post-thumbnail","6":"product_cat-atalayas","7":"product_cat-esculturas","8":"product_shipping_class-6-e","10":"first","11":"instock","12":"taxable","13":"shipping-taxable","14":"purchasable","15":"product-type-simple"},"jetpack_sharing_enabled":true,"_links":{"self":[{"href":"https:\/\/guspiramoncreatiu.com\/es\/wp-json\/wp\/v2\/product\/5713","targetHints":{"allow":["GET"]}}],"collection":[{"href":"https:\/\/guspiramoncreatiu.com\/es\/wp-json\/wp\/v2\/product"}],"about":[{"href":"https:\/\/guspiramoncreatiu.com\/es\/wp-json\/wp\/v2\/types\/product"}],"version-history":[{"count":0,"href":"https:\/\/guspiramoncreatiu.com\/es\/wp-json\/wp\/v2\/product\/5713\/revisions"}],"wp:featuredmedia":[{"embeddable":true,"href":"https:\/\/guspiramoncreatiu.com\/es\/wp-json\/wp\/v2\/media\/4763"}],"wp:attachment":[{"href":"https:\/\/guspiramoncreatiu.com\/es\/wp-json\/wp\/v2\/media?parent=5713"}],"wp:term":[{"taxonomy":"product_brand","embeddable":true,"href":"https:\/\/guspiramoncreatiu.com\/es\/wp-json\/wp\/v2\/product_brand?post=5713"},{"taxonomy":"product_cat","embeddable":true,"href":"https:\/\/guspiramoncreatiu.com\/es\/wp-json\/wp\/v2\/product_cat?post=5713"},{"taxonomy":"product_tag","embeddable":true,"href":"https:\/\/guspiramoncreatiu.com\/es\/wp-json\/wp\/v2\/product_tag?post=5713"}],"curies":[{"name":"wp","href":"https:\/\/api.w.org\/{rel}","templated":true}]}}