{"id":5707,"date":"2024-02-27T10:32:26","date_gmt":"2024-02-27T09:32:26","guid":{"rendered":"https:\/\/guspiramoncreatiu.com\/producto\/almendro-florido\/"},"modified":"2025-01-13T16:56:14","modified_gmt":"2025-01-13T15:56:14","slug":"almendro-florido","status":"publish","type":"product","link":"https:\/\/guspiramoncreatiu.com\/es\/producto\/almendro-florido\/","title":{"rendered":"almendro en flor"},"content":{"rendered":"<p>el almendro en flor es la magia de la primavera&#8230;<\/p>\n<p>mini casita de alambre dulce con imagen transferida sobre papel de arroz en una base de madera de deriva natural.<\/p>\n<p>almendro de la comarca del Urgell,\u00a0 Lleida<\/p>\n<p>&nbsp;<\/p>\n<p>Tama\u00f1o: 6 \u00d7 15 \u00d7 3 casita<\/p>\n<p>11 x 31 x 6 total<\/p>\n","protected":false},"excerpt":{"rendered":"<p>el almendro en flor es la magia de la primavera&#8230; mini casita de alambre dulce con imagen transferida sobre papel de arroz en una base de madera de deriva natural. almendro de la comarca del Urgell,\u00a0 Lleida &nbsp; Tama\u00f1o: 6 \u00d7 15 \u00d7 3 casita 11 x 31 x 6 total<\/p>\n","protected":false},"featured_media":4751,"template":"","meta":[],"product_brand":[],"product_cat":[190,145],"product_tag":[],"class_list":{"0":"post-5707","1":"product","2":"type-product","3":"status-publish","4":"has-post-thumbnail","6":"product_cat-atalayas","7":"product_cat-esculturas","8":"product_shipping_class-6-e","10":"first","11":"instock","12":"sold-individually","13":"taxable","14":"shipping-taxable","15":"purchasable","16":"product-type-simple"},"jetpack_sharing_enabled":true,"_links":{"self":[{"href":"https:\/\/guspiramoncreatiu.com\/es\/wp-json\/wp\/v2\/product\/5707","targetHints":{"allow":["GET"]}}],"collection":[{"href":"https:\/\/guspiramoncreatiu.com\/es\/wp-json\/wp\/v2\/product"}],"about":[{"href":"https:\/\/guspiramoncreatiu.com\/es\/wp-json\/wp\/v2\/types\/product"}],"version-history":[{"count":0,"href":"https:\/\/guspiramoncreatiu.com\/es\/wp-json\/wp\/v2\/product\/5707\/revisions"}],"wp:featuredmedia":[{"embeddable":true,"href":"https:\/\/guspiramoncreatiu.com\/es\/wp-json\/wp\/v2\/media\/4751"}],"wp:attachment":[{"href":"https:\/\/guspiramoncreatiu.com\/es\/wp-json\/wp\/v2\/media?parent=5707"}],"wp:term":[{"taxonomy":"product_brand","embeddable":true,"href":"https:\/\/guspiramoncreatiu.com\/es\/wp-json\/wp\/v2\/product_brand?post=5707"},{"taxonomy":"product_cat","embeddable":true,"href":"https:\/\/guspiramoncreatiu.com\/es\/wp-json\/wp\/v2\/product_cat?post=5707"},{"taxonomy":"product_tag","embeddable":true,"href":"https:\/\/guspiramoncreatiu.com\/es\/wp-json\/wp\/v2\/product_tag?post=5707"}],"curies":[{"name":"wp","href":"https:\/\/api.w.org\/{rel}","templated":true}]}}