{"id":5700,"date":"2024-02-27T15:34:01","date_gmt":"2024-02-27T14:34:01","guid":{"rendered":"https:\/\/guspiramoncreatiu.com\/producto\/esta-en-casa\/"},"modified":"2024-11-22T13:26:37","modified_gmt":"2024-11-22T12:26:37","slug":"esta-en-casa","status":"publish","type":"product","link":"https:\/\/guspiramoncreatiu.com\/es\/producto\/esta-en-casa\/","title":{"rendered":"est\u00e1 en casa&#8230;"},"content":{"rendered":"<p>\u00abes en casa donde los sue\u00f1os<\/p>\n<p>se cuecen a fuego lento,<\/p>\n<p>seguros,<\/p>\n<p>valientes,<\/p>\n<p>poderosos&#8230;<\/p>\n<p>cuando est\u00e9n a punto d\u00e9jalos ir\u00bb<\/p>\n<p>&nbsp;<\/p>\n<p>texto: Anna Petit<\/p>\n<p>imagen: Jaimie Heiden<\/p>\n<p>&nbsp;<\/p>\n<p>tama\u00f1o: 21\u00d730 cm x 1.6mm base cart\u00f3n<\/p>\n<p>(no incluye el marco)<\/p>\n","protected":false},"excerpt":{"rendered":"<p>\u00abes en casa donde los sue\u00f1os se cuecen a fuego lento, seguros, valientes, poderosos&#8230; cuando est\u00e9n a punto d\u00e9jalos ir\u00bb &nbsp; texto: Anna Petit imagen: Jaimie Heiden &nbsp; tama\u00f1o: 21\u00d730 cm x 1.6mm base cart\u00f3n (no incluye el marco)<\/p>\n","protected":false},"featured_media":5123,"template":"","meta":[],"product_brand":[],"product_cat":[154,153],"product_tag":[],"class_list":{"0":"post-5700","1":"product","2":"type-product","3":"status-publish","4":"has-post-thumbnail","6":"product_cat-laminas-es","7":"product_cat-laminas","8":"product_shipping_class-6-e","10":"first","11":"instock","12":"taxable","13":"shipping-taxable","14":"purchasable","15":"product-type-simple"},"jetpack_sharing_enabled":true,"_links":{"self":[{"href":"https:\/\/guspiramoncreatiu.com\/es\/wp-json\/wp\/v2\/product\/5700","targetHints":{"allow":["GET"]}}],"collection":[{"href":"https:\/\/guspiramoncreatiu.com\/es\/wp-json\/wp\/v2\/product"}],"about":[{"href":"https:\/\/guspiramoncreatiu.com\/es\/wp-json\/wp\/v2\/types\/product"}],"version-history":[{"count":0,"href":"https:\/\/guspiramoncreatiu.com\/es\/wp-json\/wp\/v2\/product\/5700\/revisions"}],"wp:featuredmedia":[{"embeddable":true,"href":"https:\/\/guspiramoncreatiu.com\/es\/wp-json\/wp\/v2\/media\/5123"}],"wp:attachment":[{"href":"https:\/\/guspiramoncreatiu.com\/es\/wp-json\/wp\/v2\/media?parent=5700"}],"wp:term":[{"taxonomy":"product_brand","embeddable":true,"href":"https:\/\/guspiramoncreatiu.com\/es\/wp-json\/wp\/v2\/product_brand?post=5700"},{"taxonomy":"product_cat","embeddable":true,"href":"https:\/\/guspiramoncreatiu.com\/es\/wp-json\/wp\/v2\/product_cat?post=5700"},{"taxonomy":"product_tag","embeddable":true,"href":"https:\/\/guspiramoncreatiu.com\/es\/wp-json\/wp\/v2\/product_tag?post=5700"}],"curies":[{"name":"wp","href":"https:\/\/api.w.org\/{rel}","templated":true}]}}