{"id":5696,"date":"2024-02-27T15:06:21","date_gmt":"2024-02-27T14:06:21","guid":{"rendered":"https:\/\/guspiramoncreatiu.com\/producto\/no-camines\/"},"modified":"2024-11-22T13:26:35","modified_gmt":"2024-11-22T12:26:35","slug":"no-camines","status":"publish","type":"product","link":"https:\/\/guspiramoncreatiu.com\/es\/producto\/no-camines\/","title":{"rendered":"no camines&#8230;"},"content":{"rendered":"<p>\u00abno camines ante m\u00ed, quiz\u00e1s no te seguir\u00e9. no camines detr\u00e1s de m\u00ed, quiz\u00e1s no te guiar\u00e9. anda a mi lado y seas mi amiga\u00bb Autor: Albert Camus Escultura de Carol Peace<\/p>\n<p>&nbsp;<\/p>\n<p>L\u00e1mina para enmarcar con imagen transferida sobre papel, texto sobre tejido antiguo y bordado sobre cart\u00f3n con escrito en alambre recocido<\/p>\n<p>&nbsp;<\/p>\n<p>tama\u00f1o: 21\u00d730 cm x 1.6mm base cart\u00f3n (no incluye el marco)<\/p>\n","protected":false},"excerpt":{"rendered":"<p>\u00abno camines ante m\u00ed, quiz\u00e1s no te seguir\u00e9. no camines detr\u00e1s de m\u00ed, quiz\u00e1s no te guiar\u00e9. anda a mi lado y seas mi amiga\u00bb Autor: Albert Camus Escultura de Carol Peace &nbsp; L\u00e1mina para enmarcar con imagen transferida sobre papel, texto sobre tejido antiguo y bordado sobre cart\u00f3n con escrito en alambre recocido &nbsp; [&hellip;]<\/p>\n","protected":false},"featured_media":5301,"template":"","meta":[],"product_brand":[],"product_cat":[153,154],"product_tag":[],"class_list":{"0":"post-5696","1":"product","2":"type-product","3":"status-publish","4":"has-post-thumbnail","6":"product_cat-laminas","7":"product_cat-laminas-es","8":"product_shipping_class-6-e","10":"first","11":"instock","12":"taxable","13":"shipping-taxable","14":"purchasable","15":"product-type-simple"},"jetpack_sharing_enabled":true,"_links":{"self":[{"href":"https:\/\/guspiramoncreatiu.com\/es\/wp-json\/wp\/v2\/product\/5696","targetHints":{"allow":["GET"]}}],"collection":[{"href":"https:\/\/guspiramoncreatiu.com\/es\/wp-json\/wp\/v2\/product"}],"about":[{"href":"https:\/\/guspiramoncreatiu.com\/es\/wp-json\/wp\/v2\/types\/product"}],"version-history":[{"count":0,"href":"https:\/\/guspiramoncreatiu.com\/es\/wp-json\/wp\/v2\/product\/5696\/revisions"}],"wp:featuredmedia":[{"embeddable":true,"href":"https:\/\/guspiramoncreatiu.com\/es\/wp-json\/wp\/v2\/media\/5301"}],"wp:attachment":[{"href":"https:\/\/guspiramoncreatiu.com\/es\/wp-json\/wp\/v2\/media?parent=5696"}],"wp:term":[{"taxonomy":"product_brand","embeddable":true,"href":"https:\/\/guspiramoncreatiu.com\/es\/wp-json\/wp\/v2\/product_brand?post=5696"},{"taxonomy":"product_cat","embeddable":true,"href":"https:\/\/guspiramoncreatiu.com\/es\/wp-json\/wp\/v2\/product_cat?post=5696"},{"taxonomy":"product_tag","embeddable":true,"href":"https:\/\/guspiramoncreatiu.com\/es\/wp-json\/wp\/v2\/product_tag?post=5696"}],"curies":[{"name":"wp","href":"https:\/\/api.w.org\/{rel}","templated":true}]}}