{"id":5691,"date":"2024-02-27T15:38:56","date_gmt":"2024-02-27T14:38:56","guid":{"rendered":"https:\/\/guspiramoncreatiu.com\/producto\/el-secreto\/"},"modified":"2024-11-22T13:26:32","modified_gmt":"2024-11-22T12:26:32","slug":"el-secreto","status":"publish","type":"product","link":"https:\/\/guspiramoncreatiu.com\/es\/producto\/el-secreto\/","title":{"rendered":"el secreto"},"content":{"rendered":"<p>\u00abel secreto es rodearse de personas que te hagan sonre\u00edr el coraz\u00f3n, s\u00f3lo entonces estar\u00e1s en casa\u00bb L\u00e1mina para enmarcar con imagen transferida sobre papel, texto sobre tejido y bordado sobre cart\u00f3n con palabra en alambre<\/p>\n<p>&nbsp;<\/p>\n<p>texto: Lewis Carroll imagen: Jaimie Heiden tama\u00f1o: 21\u00d730 cm x 1.6mm base cart\u00f3n (no incluye el marco)<\/p>\n<p>&nbsp;<\/p>\n","protected":false},"excerpt":{"rendered":"<p>\u00abel secreto es rodearse de personas que te hagan sonre\u00edr el coraz\u00f3n, s\u00f3lo entonces estar\u00e1s en casa\u00bb L\u00e1mina para enmarcar con imagen transferida sobre papel, texto sobre tejido y bordado sobre cart\u00f3n con palabra en alambre &nbsp; texto: Lewis Carroll imagen: Jaimie Heiden tama\u00f1o: 21\u00d730 cm x 1.6mm base cart\u00f3n (no incluye el marco) &nbsp;<\/p>\n","protected":false},"featured_media":5181,"template":"","meta":[],"product_brand":[],"product_cat":[153,154],"product_tag":[],"class_list":{"0":"post-5691","1":"product","2":"type-product","3":"status-publish","4":"has-post-thumbnail","6":"product_cat-laminas","7":"product_cat-laminas-es","8":"product_shipping_class-6-e","10":"first","11":"instock","12":"taxable","13":"shipping-taxable","14":"purchasable","15":"product-type-simple"},"jetpack_sharing_enabled":true,"_links":{"self":[{"href":"https:\/\/guspiramoncreatiu.com\/es\/wp-json\/wp\/v2\/product\/5691","targetHints":{"allow":["GET"]}}],"collection":[{"href":"https:\/\/guspiramoncreatiu.com\/es\/wp-json\/wp\/v2\/product"}],"about":[{"href":"https:\/\/guspiramoncreatiu.com\/es\/wp-json\/wp\/v2\/types\/product"}],"version-history":[{"count":0,"href":"https:\/\/guspiramoncreatiu.com\/es\/wp-json\/wp\/v2\/product\/5691\/revisions"}],"wp:featuredmedia":[{"embeddable":true,"href":"https:\/\/guspiramoncreatiu.com\/es\/wp-json\/wp\/v2\/media\/5181"}],"wp:attachment":[{"href":"https:\/\/guspiramoncreatiu.com\/es\/wp-json\/wp\/v2\/media?parent=5691"}],"wp:term":[{"taxonomy":"product_brand","embeddable":true,"href":"https:\/\/guspiramoncreatiu.com\/es\/wp-json\/wp\/v2\/product_brand?post=5691"},{"taxonomy":"product_cat","embeddable":true,"href":"https:\/\/guspiramoncreatiu.com\/es\/wp-json\/wp\/v2\/product_cat?post=5691"},{"taxonomy":"product_tag","embeddable":true,"href":"https:\/\/guspiramoncreatiu.com\/es\/wp-json\/wp\/v2\/product_tag?post=5691"}],"curies":[{"name":"wp","href":"https:\/\/api.w.org\/{rel}","templated":true}]}}