{"id":5687,"date":"2024-02-27T15:10:10","date_gmt":"2024-02-27T14:10:10","guid":{"rendered":"https:\/\/guspiramoncreatiu.com\/producto\/has-nacido\/"},"modified":"2024-11-22T13:26:30","modified_gmt":"2024-11-22T12:26:30","slug":"has-nacido","status":"publish","type":"product","link":"https:\/\/guspiramoncreatiu.com\/es\/producto\/has-nacido\/","title":{"rendered":"has nacido&#8230;"},"content":{"rendered":"<p>\u00abhas nacido para ser \u00fanica,<\/p>\n<p> no normal\u00bb<\/p>\n<p> L\u00e1mina para enmarcar con imagen transferida sobre papel, texto sobre tejido y bordado sobre cart\u00f3n<\/p>\n<p>&nbsp;<\/p>\n<p> texto: Frida Kahlo<\/p>\n<p> escultura: Valerie Hadida<\/p>\n<p> tama\u00f1o: 21\u00d730 cm x 1.6mm base cart\u00f3n<\/p>\n<p> (no incluye el marco)<\/p>\n","protected":false},"excerpt":{"rendered":"<p>\u00abhas nacido para ser \u00fanica, no normal\u00bb L\u00e1mina para enmarcar con imagen transferida sobre papel, texto sobre tejido y bordado sobre cart\u00f3n &nbsp; texto: Frida Kahlo escultura: Valerie Hadida tama\u00f1o: 21\u00d730 cm x 1.6mm base cart\u00f3n (no incluye el marco)<\/p>\n","protected":false},"featured_media":5283,"template":"","meta":[],"product_brand":[],"product_cat":[77,97],"product_tag":[],"class_list":{"0":"post-5687","1":"product","2":"type-product","3":"status-publish","4":"has-post-thumbnail","6":"product_cat-lamines","7":"product_cat-lamines-lamines","8":"product_shipping_class-lleugers","10":"first","11":"instock","12":"taxable","13":"shipping-taxable","14":"purchasable","15":"product-type-simple"},"jetpack_sharing_enabled":true,"_links":{"self":[{"href":"https:\/\/guspiramoncreatiu.com\/es\/wp-json\/wp\/v2\/product\/5687","targetHints":{"allow":["GET"]}}],"collection":[{"href":"https:\/\/guspiramoncreatiu.com\/es\/wp-json\/wp\/v2\/product"}],"about":[{"href":"https:\/\/guspiramoncreatiu.com\/es\/wp-json\/wp\/v2\/types\/product"}],"version-history":[{"count":0,"href":"https:\/\/guspiramoncreatiu.com\/es\/wp-json\/wp\/v2\/product\/5687\/revisions"}],"wp:featuredmedia":[{"embeddable":true,"href":"https:\/\/guspiramoncreatiu.com\/es\/wp-json\/wp\/v2\/media\/5283"}],"wp:attachment":[{"href":"https:\/\/guspiramoncreatiu.com\/es\/wp-json\/wp\/v2\/media?parent=5687"}],"wp:term":[{"taxonomy":"product_brand","embeddable":true,"href":"https:\/\/guspiramoncreatiu.com\/es\/wp-json\/wp\/v2\/product_brand?post=5687"},{"taxonomy":"product_cat","embeddable":true,"href":"https:\/\/guspiramoncreatiu.com\/es\/wp-json\/wp\/v2\/product_cat?post=5687"},{"taxonomy":"product_tag","embeddable":true,"href":"https:\/\/guspiramoncreatiu.com\/es\/wp-json\/wp\/v2\/product_tag?post=5687"}],"curies":[{"name":"wp","href":"https:\/\/api.w.org\/{rel}","templated":true}]}}