{"id":5683,"date":"2024-02-27T15:43:43","date_gmt":"2024-02-27T14:43:43","guid":{"rendered":"https:\/\/guspiramoncreatiu.com\/producto\/dejate-ir\/"},"modified":"2024-11-22T13:26:28","modified_gmt":"2024-11-22T12:26:28","slug":"dejate-ir","status":"publish","type":"product","link":"https:\/\/guspiramoncreatiu.com\/es\/producto\/dejate-ir\/","title":{"rendered":"d\u00e9jate ir&#8230;"},"content":{"rendered":"<p>\u00abd\u00e9jate ir y&#8230; vuela\u00bb<\/p>\n<p>&nbsp;<\/p>\n<p>L\u00e1mina para enmarcar con imagen, texto sobre tejido y bordado sobre cart\u00f3n con una palabra en alambre<\/p>\n<p>&nbsp;<\/p>\n<p>texto: Anna Petit<\/p>\n<p>escultura: Michal Trpak<\/p>\n<p>&nbsp;<\/p>\n<p>tama\u00f1o: 21\u00d730 cm x 1.6mm base cart\u00f3n (no incluye el marco)<\/p>\n","protected":false},"excerpt":{"rendered":"<p>\u00abd\u00e9jate ir y&#8230; vuela\u00bb &nbsp; L\u00e1mina para enmarcar con imagen, texto sobre tejido y bordado sobre cart\u00f3n con una palabra en alambre &nbsp; texto: Anna Petit escultura: Michal Trpak &nbsp; tama\u00f1o: 21\u00d730 cm x 1.6mm base cart\u00f3n (no incluye el marco)<\/p>\n","protected":false},"featured_media":5309,"template":"","meta":[],"product_brand":[],"product_cat":[153,154],"product_tag":[],"class_list":{"0":"post-5683","1":"product","2":"type-product","3":"status-publish","4":"has-post-thumbnail","6":"product_cat-laminas","7":"product_cat-laminas-es","8":"product_shipping_class-6-e","10":"first","11":"instock","12":"taxable","13":"shipping-taxable","14":"purchasable","15":"product-type-simple"},"jetpack_sharing_enabled":true,"_links":{"self":[{"href":"https:\/\/guspiramoncreatiu.com\/es\/wp-json\/wp\/v2\/product\/5683","targetHints":{"allow":["GET"]}}],"collection":[{"href":"https:\/\/guspiramoncreatiu.com\/es\/wp-json\/wp\/v2\/product"}],"about":[{"href":"https:\/\/guspiramoncreatiu.com\/es\/wp-json\/wp\/v2\/types\/product"}],"version-history":[{"count":0,"href":"https:\/\/guspiramoncreatiu.com\/es\/wp-json\/wp\/v2\/product\/5683\/revisions"}],"wp:featuredmedia":[{"embeddable":true,"href":"https:\/\/guspiramoncreatiu.com\/es\/wp-json\/wp\/v2\/media\/5309"}],"wp:attachment":[{"href":"https:\/\/guspiramoncreatiu.com\/es\/wp-json\/wp\/v2\/media?parent=5683"}],"wp:term":[{"taxonomy":"product_brand","embeddable":true,"href":"https:\/\/guspiramoncreatiu.com\/es\/wp-json\/wp\/v2\/product_brand?post=5683"},{"taxonomy":"product_cat","embeddable":true,"href":"https:\/\/guspiramoncreatiu.com\/es\/wp-json\/wp\/v2\/product_cat?post=5683"},{"taxonomy":"product_tag","embeddable":true,"href":"https:\/\/guspiramoncreatiu.com\/es\/wp-json\/wp\/v2\/product_tag?post=5683"}],"curies":[{"name":"wp","href":"https:\/\/api.w.org\/{rel}","templated":true}]}}