{"id":5677,"date":"2024-02-27T15:48:58","date_gmt":"2024-02-27T14:48:58","guid":{"rendered":"https:\/\/guspiramoncreatiu.com\/producto\/nuestra-casa\/"},"modified":"2024-11-22T13:25:35","modified_gmt":"2024-11-22T12:25:35","slug":"nuestra-casa","status":"publish","type":"product","link":"https:\/\/guspiramoncreatiu.com\/es\/producto\/nuestra-casa\/","title":{"rendered":"nuestra casa&#8230;"},"content":{"rendered":"<p>\u00abnuestra casa es un pedazo de infinito, siempre\u00bb<\/p>\n<p>&nbsp;<\/p>\n<p>Texto: Anna Petit Imagen: Jeffrey Czum<\/p>\n<p>&nbsp;<\/p>\n<p>L\u00e1mina para enmarcar con imagen transferida sobre papel, texto sobre tejido y bordado sobre cart\u00f3n y palabra con alambre<\/p>\n<p>&nbsp;<\/p>\n<p>tama\u00f1o: 21\u00d730 cm x 1.6mm base cart\u00f3n (no incluye el marco)<\/p>\n","protected":false},"excerpt":{"rendered":"<p>\u00abnuestra casa es un pedazo de infinito, siempre\u00bb &nbsp; Texto: Anna Petit Imagen: Jeffrey Czum &nbsp; L\u00e1mina para enmarcar con imagen transferida sobre papel, texto sobre tejido y bordado sobre cart\u00f3n y palabra con alambre &nbsp; tama\u00f1o: 21\u00d730 cm x 1.6mm base cart\u00f3n (no incluye el marco)<\/p>\n","protected":false},"featured_media":5173,"template":"","meta":[],"product_brand":[],"product_cat":[77,97],"product_tag":[],"class_list":{"0":"post-5677","1":"product","2":"type-product","3":"status-publish","4":"has-post-thumbnail","6":"product_cat-lamines","7":"product_cat-lamines-lamines","8":"product_shipping_class-lleugers","10":"first","11":"instock","12":"taxable","13":"shipping-taxable","14":"purchasable","15":"product-type-simple"},"jetpack_sharing_enabled":true,"_links":{"self":[{"href":"https:\/\/guspiramoncreatiu.com\/es\/wp-json\/wp\/v2\/product\/5677","targetHints":{"allow":["GET"]}}],"collection":[{"href":"https:\/\/guspiramoncreatiu.com\/es\/wp-json\/wp\/v2\/product"}],"about":[{"href":"https:\/\/guspiramoncreatiu.com\/es\/wp-json\/wp\/v2\/types\/product"}],"version-history":[{"count":0,"href":"https:\/\/guspiramoncreatiu.com\/es\/wp-json\/wp\/v2\/product\/5677\/revisions"}],"wp:featuredmedia":[{"embeddable":true,"href":"https:\/\/guspiramoncreatiu.com\/es\/wp-json\/wp\/v2\/media\/5173"}],"wp:attachment":[{"href":"https:\/\/guspiramoncreatiu.com\/es\/wp-json\/wp\/v2\/media?parent=5677"}],"wp:term":[{"taxonomy":"product_brand","embeddable":true,"href":"https:\/\/guspiramoncreatiu.com\/es\/wp-json\/wp\/v2\/product_brand?post=5677"},{"taxonomy":"product_cat","embeddable":true,"href":"https:\/\/guspiramoncreatiu.com\/es\/wp-json\/wp\/v2\/product_cat?post=5677"},{"taxonomy":"product_tag","embeddable":true,"href":"https:\/\/guspiramoncreatiu.com\/es\/wp-json\/wp\/v2\/product_tag?post=5677"}],"curies":[{"name":"wp","href":"https:\/\/api.w.org\/{rel}","templated":true}]}}