{"id":5668,"date":"2024-02-29T09:57:30","date_gmt":"2024-02-29T08:57:30","guid":{"rendered":"https:\/\/guspiramoncreatiu.com\/producto\/colgantes-azules\/"},"modified":"2025-01-13T16:44:56","modified_gmt":"2025-01-13T15:44:56","slug":"colgantes-azules","status":"publish","type":"product","link":"https:\/\/guspiramoncreatiu.com\/es\/producto\/colgantes-azules\/","title":{"rendered":"colgantes azules"},"content":{"rendered":"<p>colores de mares profundos o cielos abiertos&#8230;<\/p>\n<p>peque\u00f1o colgante hecho con una piedra de rio envuelta en ganchillo con hilo de lino.<\/p>\n<p>es un peque\u00f1o talism\u00e1n donde guardar la energ\u00eda que quieres que te acompa\u00f1e, la que te falta, la que quieres potenciar\u2026<\/p>\n<p>empoder\u00e1ndote y tomando conciencia activa de tu propia energ\u00eda.<\/p>\n<p>&nbsp;<\/p>\n<p>la piedra lleva una peque\u00f1a cartulina para anotar el prop\u00f3sito del talism\u00e1n<\/p>\n<p>&nbsp;<\/p>\n<p>el tama\u00f1o aproximado es de 4 a 6 cm<\/p>\n","protected":false},"excerpt":{"rendered":"<p>colores de mares profundos o cielos abiertos&#8230; peque\u00f1o colgante hecho con una piedra de rio envuelta en ganchillo con hilo de lino. es un peque\u00f1o talism\u00e1n donde guardar la energ\u00eda que quieres que te acompa\u00f1e, la que te falta, la que quieres potenciar\u2026 empoder\u00e1ndote y tomando conciencia activa de tu propia energ\u00eda. &nbsp; la piedra [&hellip;]<\/p>\n","protected":false},"featured_media":4863,"template":"","meta":[],"product_brand":[],"product_cat":[187,159],"product_tag":[],"class_list":{"0":"post-5668","1":"product","2":"type-product","3":"status-publish","4":"has-post-thumbnail","6":"product_cat-colgante-piedra","7":"product_cat-miscelanea","8":"product_shipping_class-4-e","10":"first","11":"instock","12":"taxable","13":"shipping-taxable","14":"purchasable","15":"product-type-simple"},"jetpack_sharing_enabled":true,"_links":{"self":[{"href":"https:\/\/guspiramoncreatiu.com\/es\/wp-json\/wp\/v2\/product\/5668","targetHints":{"allow":["GET"]}}],"collection":[{"href":"https:\/\/guspiramoncreatiu.com\/es\/wp-json\/wp\/v2\/product"}],"about":[{"href":"https:\/\/guspiramoncreatiu.com\/es\/wp-json\/wp\/v2\/types\/product"}],"version-history":[{"count":0,"href":"https:\/\/guspiramoncreatiu.com\/es\/wp-json\/wp\/v2\/product\/5668\/revisions"}],"wp:featuredmedia":[{"embeddable":true,"href":"https:\/\/guspiramoncreatiu.com\/es\/wp-json\/wp\/v2\/media\/4863"}],"wp:attachment":[{"href":"https:\/\/guspiramoncreatiu.com\/es\/wp-json\/wp\/v2\/media?parent=5668"}],"wp:term":[{"taxonomy":"product_brand","embeddable":true,"href":"https:\/\/guspiramoncreatiu.com\/es\/wp-json\/wp\/v2\/product_brand?post=5668"},{"taxonomy":"product_cat","embeddable":true,"href":"https:\/\/guspiramoncreatiu.com\/es\/wp-json\/wp\/v2\/product_cat?post=5668"},{"taxonomy":"product_tag","embeddable":true,"href":"https:\/\/guspiramoncreatiu.com\/es\/wp-json\/wp\/v2\/product_tag?post=5668"}],"curies":[{"name":"wp","href":"https:\/\/api.w.org\/{rel}","templated":true}]}}