{"id":5663,"date":"2024-03-01T18:21:12","date_gmt":"2024-03-01T17:21:12","guid":{"rendered":"https:\/\/guspiramoncreatiu.com\/producto\/calle-de-luz-3\/"},"modified":"2024-11-22T13:25:26","modified_gmt":"2024-11-22T12:25:26","slug":"calle-de-luz-3","status":"publish","type":"product","link":"https:\/\/guspiramoncreatiu.com\/es\/producto\/calle-de-luz-3\/","title":{"rendered":"calle de luz 3"},"content":{"rendered":"<p>Una luz para acompa\u00f1ar los ratos de reposo, agradable y po\u00e9tico&#8230;<\/p>\n<p> L\u00e1mpara realizada a partir de una estructura en alambre dulce recubierta con papel de seda encolado y una base de madera de deriva natural<\/p>\n<p>&nbsp;<\/p>\n<p> Tama\u00f1o: 26 x 5 x 22h<\/p>\n<p> Bombilla led incluida G9 3000K 5w<\/p>\n","protected":false},"excerpt":{"rendered":"<p>Una luz para acompa\u00f1ar los ratos de reposo, agradable y po\u00e9tico&#8230; L\u00e1mpara realizada a partir de una estructura en alambre dulce recubierta con papel de seda encolado y una base de madera de deriva natural &nbsp; Tama\u00f1o: 26 x 5 x 22h Bombilla led incluida G9 3000K 5w<\/p>\n","protected":false},"featured_media":4913,"template":"","meta":[],"product_brand":[],"product_cat":[183,155],"product_tag":[],"class_list":{"0":"post-5663","1":"product","2":"type-product","3":"status-publish","4":"has-post-thumbnail","6":"product_cat-calles","7":"product_cat-luces","8":"product_shipping_class-6-e","10":"first","11":"outofstock","12":"sold-individually","13":"taxable","14":"shipping-taxable","15":"purchasable","16":"product-type-simple"},"jetpack_sharing_enabled":true,"_links":{"self":[{"href":"https:\/\/guspiramoncreatiu.com\/es\/wp-json\/wp\/v2\/product\/5663","targetHints":{"allow":["GET"]}}],"collection":[{"href":"https:\/\/guspiramoncreatiu.com\/es\/wp-json\/wp\/v2\/product"}],"about":[{"href":"https:\/\/guspiramoncreatiu.com\/es\/wp-json\/wp\/v2\/types\/product"}],"version-history":[{"count":0,"href":"https:\/\/guspiramoncreatiu.com\/es\/wp-json\/wp\/v2\/product\/5663\/revisions"}],"wp:featuredmedia":[{"embeddable":true,"href":"https:\/\/guspiramoncreatiu.com\/es\/wp-json\/wp\/v2\/media\/4913"}],"wp:attachment":[{"href":"https:\/\/guspiramoncreatiu.com\/es\/wp-json\/wp\/v2\/media?parent=5663"}],"wp:term":[{"taxonomy":"product_brand","embeddable":true,"href":"https:\/\/guspiramoncreatiu.com\/es\/wp-json\/wp\/v2\/product_brand?post=5663"},{"taxonomy":"product_cat","embeddable":true,"href":"https:\/\/guspiramoncreatiu.com\/es\/wp-json\/wp\/v2\/product_cat?post=5663"},{"taxonomy":"product_tag","embeddable":true,"href":"https:\/\/guspiramoncreatiu.com\/es\/wp-json\/wp\/v2\/product_tag?post=5663"}],"curies":[{"name":"wp","href":"https:\/\/api.w.org\/{rel}","templated":true}]}}