{"id":5638,"date":"2024-03-04T11:33:01","date_gmt":"2024-03-04T10:33:01","guid":{"rendered":"https:\/\/guspiramoncreatiu.com\/producto\/casita-3\/"},"modified":"2024-11-22T13:24:43","modified_gmt":"2024-11-22T12:24:43","slug":"casita-3","status":"publish","type":"product","link":"https:\/\/guspiramoncreatiu.com\/es\/producto\/casita-3\/","title":{"rendered":"casita 3"},"content":{"rendered":"<p>pura poes\u00eda en un colgante de amapolas veraniegas&#8230;<\/p>\n<p> Casita de alambre dulce y papel de seda con im\u00e1genes florales.<\/p>\n<p> Cord\u00f3n de seda te\u00f1ida con tintes naturales<\/p>\n<p> Tama\u00f1o: 3.5 x 5 x 1<\/p>\n","protected":false},"excerpt":{"rendered":"<p>pura poes\u00eda en un colgante de amapolas veraniegas&#8230; Casita de alambre dulce y papel de seda con im\u00e1genes florales. Cord\u00f3n de seda te\u00f1ida con tintes naturales Tama\u00f1o: 3.5 x 5 x 1<\/p>\n","protected":false},"featured_media":5013,"template":"","meta":[],"product_brand":[],"product_cat":[179,159],"product_tag":[],"class_list":{"0":"post-5638","1":"product","2":"type-product","3":"status-publish","4":"has-post-thumbnail","6":"product_cat-colgante-casita","7":"product_cat-miscelanea","8":"product_shipping_class-4-e","10":"first","11":"instock","12":"sold-individually","13":"taxable","14":"shipping-taxable","15":"purchasable","16":"product-type-simple"},"jetpack_sharing_enabled":true,"_links":{"self":[{"href":"https:\/\/guspiramoncreatiu.com\/es\/wp-json\/wp\/v2\/product\/5638","targetHints":{"allow":["GET"]}}],"collection":[{"href":"https:\/\/guspiramoncreatiu.com\/es\/wp-json\/wp\/v2\/product"}],"about":[{"href":"https:\/\/guspiramoncreatiu.com\/es\/wp-json\/wp\/v2\/types\/product"}],"version-history":[{"count":0,"href":"https:\/\/guspiramoncreatiu.com\/es\/wp-json\/wp\/v2\/product\/5638\/revisions"}],"wp:featuredmedia":[{"embeddable":true,"href":"https:\/\/guspiramoncreatiu.com\/es\/wp-json\/wp\/v2\/media\/5013"}],"wp:attachment":[{"href":"https:\/\/guspiramoncreatiu.com\/es\/wp-json\/wp\/v2\/media?parent=5638"}],"wp:term":[{"taxonomy":"product_brand","embeddable":true,"href":"https:\/\/guspiramoncreatiu.com\/es\/wp-json\/wp\/v2\/product_brand?post=5638"},{"taxonomy":"product_cat","embeddable":true,"href":"https:\/\/guspiramoncreatiu.com\/es\/wp-json\/wp\/v2\/product_cat?post=5638"},{"taxonomy":"product_tag","embeddable":true,"href":"https:\/\/guspiramoncreatiu.com\/es\/wp-json\/wp\/v2\/product_tag?post=5638"}],"curies":[{"name":"wp","href":"https:\/\/api.w.org\/{rel}","templated":true}]}}