{"id":5637,"date":"2024-03-04T10:41:08","date_gmt":"2024-03-04T09:41:08","guid":{"rendered":"https:\/\/guspiramoncreatiu.com\/producto\/no-se-hacia-donde\/"},"modified":"2024-11-22T13:24:43","modified_gmt":"2024-11-22T12:24:43","slug":"no-se-hacia-donde","status":"publish","type":"product","link":"https:\/\/guspiramoncreatiu.com\/es\/producto\/no-se-hacia-donde\/","title":{"rendered":"no s\u00e9 hacia d\u00f3nde&#8230;"},"content":{"rendered":"<p>\u00abno s\u00e9 hacia d\u00f3nde vamos, lo que s\u00e9 es que quiero ir contigo\u00bb<\/p>\n<p>&nbsp;<\/p>\n<p> amor, amor, bonita declaraci\u00f3n, \u00bfverdad?<\/p>\n<p>&nbsp;<\/p>\n<p> tama\u00f1o: 21 x 30 (no incluye el marco)<\/p>\n","protected":false},"excerpt":{"rendered":"<p>\u00abno s\u00e9 hacia d\u00f3nde vamos, lo que s\u00e9 es que quiero ir contigo\u00bb &nbsp; amor, amor, bonita declaraci\u00f3n, \u00bfverdad? &nbsp; tama\u00f1o: 21 x 30 (no incluye el marco)<\/p>\n","protected":false},"featured_media":4957,"template":"","meta":[],"product_brand":[],"product_cat":[153,154],"product_tag":[],"class_list":{"0":"post-5637","1":"product","2":"type-product","3":"status-publish","4":"has-post-thumbnail","6":"product_cat-laminas","7":"product_cat-laminas-es","8":"product_shipping_class-6-e","10":"first","11":"instock","12":"sold-individually","13":"taxable","14":"shipping-taxable","15":"purchasable","16":"product-type-simple"},"jetpack_sharing_enabled":true,"_links":{"self":[{"href":"https:\/\/guspiramoncreatiu.com\/es\/wp-json\/wp\/v2\/product\/5637","targetHints":{"allow":["GET"]}}],"collection":[{"href":"https:\/\/guspiramoncreatiu.com\/es\/wp-json\/wp\/v2\/product"}],"about":[{"href":"https:\/\/guspiramoncreatiu.com\/es\/wp-json\/wp\/v2\/types\/product"}],"version-history":[{"count":0,"href":"https:\/\/guspiramoncreatiu.com\/es\/wp-json\/wp\/v2\/product\/5637\/revisions"}],"wp:featuredmedia":[{"embeddable":true,"href":"https:\/\/guspiramoncreatiu.com\/es\/wp-json\/wp\/v2\/media\/4957"}],"wp:attachment":[{"href":"https:\/\/guspiramoncreatiu.com\/es\/wp-json\/wp\/v2\/media?parent=5637"}],"wp:term":[{"taxonomy":"product_brand","embeddable":true,"href":"https:\/\/guspiramoncreatiu.com\/es\/wp-json\/wp\/v2\/product_brand?post=5637"},{"taxonomy":"product_cat","embeddable":true,"href":"https:\/\/guspiramoncreatiu.com\/es\/wp-json\/wp\/v2\/product_cat?post=5637"},{"taxonomy":"product_tag","embeddable":true,"href":"https:\/\/guspiramoncreatiu.com\/es\/wp-json\/wp\/v2\/product_tag?post=5637"}],"curies":[{"name":"wp","href":"https:\/\/api.w.org\/{rel}","templated":true}]}}