{"id":5626,"date":"2024-03-04T11:16:54","date_gmt":"2024-03-04T10:16:54","guid":{"rendered":"https:\/\/guspiramoncreatiu.com\/producto\/tapiz-azul\/"},"modified":"2024-11-22T13:24:33","modified_gmt":"2024-11-22T12:24:33","slug":"tapiz-azul","status":"publish","type":"product","link":"https:\/\/guspiramoncreatiu.com\/es\/producto\/tapiz-azul\/","title":{"rendered":"tapiz azul"},"content":{"rendered":"<p>\u00abel fin se esconde<\/p>\n<p> en la cadencia<\/p>\n<p> viva del ahora\u00bb<\/p>\n<p> tapices realizado a partir de tejidos de lino, algod\u00f3n y seda te\u00f1idos con tintes naturales, bordados, aplicaciones&#8230;<\/p>\n<p>&nbsp;<\/p>\n<p> tama\u00f1o del tronco de deriva 72cm, tama\u00f1o del tapiz 40 x 63<\/p>\n","protected":false},"excerpt":{"rendered":"<p>\u00abel fin se esconde en la cadencia viva del ahora\u00bb tapices realizado a partir de tejidos de lino, algod\u00f3n y seda te\u00f1idos con tintes naturales, bordados, aplicaciones&#8230; &nbsp; tama\u00f1o del tronco de deriva 72cm, tama\u00f1o del tapiz 40 x 63<\/p>\n","protected":false},"featured_media":5037,"template":"","meta":[],"product_brand":[],"product_cat":[175,181],"product_tag":[],"class_list":{"0":"post-5626","1":"product","2":"type-product","3":"status-publish","4":"has-post-thumbnail","6":"product_cat-guspira-arte","7":"product_cat-tapices","9":"first","10":"instock","11":"sold-individually","12":"taxable","13":"shipping-taxable","14":"purchasable","15":"product-type-simple"},"jetpack_sharing_enabled":true,"_links":{"self":[{"href":"https:\/\/guspiramoncreatiu.com\/es\/wp-json\/wp\/v2\/product\/5626","targetHints":{"allow":["GET"]}}],"collection":[{"href":"https:\/\/guspiramoncreatiu.com\/es\/wp-json\/wp\/v2\/product"}],"about":[{"href":"https:\/\/guspiramoncreatiu.com\/es\/wp-json\/wp\/v2\/types\/product"}],"version-history":[{"count":0,"href":"https:\/\/guspiramoncreatiu.com\/es\/wp-json\/wp\/v2\/product\/5626\/revisions"}],"wp:featuredmedia":[{"embeddable":true,"href":"https:\/\/guspiramoncreatiu.com\/es\/wp-json\/wp\/v2\/media\/5037"}],"wp:attachment":[{"href":"https:\/\/guspiramoncreatiu.com\/es\/wp-json\/wp\/v2\/media?parent=5626"}],"wp:term":[{"taxonomy":"product_brand","embeddable":true,"href":"https:\/\/guspiramoncreatiu.com\/es\/wp-json\/wp\/v2\/product_brand?post=5626"},{"taxonomy":"product_cat","embeddable":true,"href":"https:\/\/guspiramoncreatiu.com\/es\/wp-json\/wp\/v2\/product_cat?post=5626"},{"taxonomy":"product_tag","embeddable":true,"href":"https:\/\/guspiramoncreatiu.com\/es\/wp-json\/wp\/v2\/product_tag?post=5626"}],"curies":[{"name":"wp","href":"https:\/\/api.w.org\/{rel}","templated":true}]}}