{"id":5624,"date":"2024-03-04T11:36:14","date_gmt":"2024-03-04T10:36:14","guid":{"rendered":"https:\/\/guspiramoncreatiu.com\/producto\/casita-5\/"},"modified":"2024-11-22T13:24:31","modified_gmt":"2024-11-22T12:24:31","slug":"casita-5","status":"publish","type":"product","link":"https:\/\/guspiramoncreatiu.com\/es\/producto\/casita-5\/","title":{"rendered":"casita 5"},"content":{"rendered":"<p>pura poes\u00eda floral en un colgante \u00fanico<\/p>\n<p> Casita de alambre dulce y papel de seda con im\u00e1genes florales.<\/p>\n<p> Cord\u00f3n de seda te\u00f1ida con tintes naturales<\/p>\n<p> Tama\u00f1o: 4 x 6 x 1<\/p>\n","protected":false},"excerpt":{"rendered":"<p>pura poes\u00eda floral en un colgante \u00fanico Casita de alambre dulce y papel de seda con im\u00e1genes florales. Cord\u00f3n de seda te\u00f1ida con tintes naturales Tama\u00f1o: 4 x 6 x 1<\/p>\n","protected":false},"featured_media":0,"template":"","meta":[],"product_brand":[],"product_cat":[179,159],"product_tag":[],"class_list":{"0":"post-5624","1":"product","2":"type-product","3":"status-publish","5":"product_cat-colgante-casita","6":"product_cat-miscelanea","7":"product_shipping_class-4-e","9":"first","10":"outofstock","11":"sold-individually","12":"taxable","13":"shipping-taxable","14":"purchasable","15":"product-type-simple"},"jetpack_sharing_enabled":true,"_links":{"self":[{"href":"https:\/\/guspiramoncreatiu.com\/es\/wp-json\/wp\/v2\/product\/5624","targetHints":{"allow":["GET"]}}],"collection":[{"href":"https:\/\/guspiramoncreatiu.com\/es\/wp-json\/wp\/v2\/product"}],"about":[{"href":"https:\/\/guspiramoncreatiu.com\/es\/wp-json\/wp\/v2\/types\/product"}],"version-history":[{"count":0,"href":"https:\/\/guspiramoncreatiu.com\/es\/wp-json\/wp\/v2\/product\/5624\/revisions"}],"wp:attachment":[{"href":"https:\/\/guspiramoncreatiu.com\/es\/wp-json\/wp\/v2\/media?parent=5624"}],"wp:term":[{"taxonomy":"product_brand","embeddable":true,"href":"https:\/\/guspiramoncreatiu.com\/es\/wp-json\/wp\/v2\/product_brand?post=5624"},{"taxonomy":"product_cat","embeddable":true,"href":"https:\/\/guspiramoncreatiu.com\/es\/wp-json\/wp\/v2\/product_cat?post=5624"},{"taxonomy":"product_tag","embeddable":true,"href":"https:\/\/guspiramoncreatiu.com\/es\/wp-json\/wp\/v2\/product_tag?post=5624"}],"curies":[{"name":"wp","href":"https:\/\/api.w.org\/{rel}","templated":true}]}}