{"id":5606,"date":"2024-03-05T11:41:03","date_gmt":"2024-03-05T10:41:03","guid":{"rendered":"https:\/\/guspiramoncreatiu.com\/producto\/mestrebike-2\/"},"modified":"2024-11-22T13:24:12","modified_gmt":"2024-11-22T12:24:12","slug":"mestrebike-2","status":"publish","type":"product","link":"https:\/\/guspiramoncreatiu.com\/es\/producto\/mestrebike-2\/","title":{"rendered":"mestrebike 2"},"content":{"rendered":"<p>en mi calle hay una tienda de bicis muy particular, ellos me regalaron un plato viejo de bici ya partir de ah\u00ed sale este collage,<\/p>\n<p> naturaleza, bici, tejer&#8230;<\/p>\n<p> collage realizado con transferencias de im\u00e1genes sobre tejido tintado natural, etiquetas del padre tejidas y aplicaci\u00f3n de metal<\/p>\n<p>&nbsp;<\/p>\n<p> tama\u00f1o: 21 x 30<\/p>\n<p> (no incluye el marco)<\/p>\n","protected":false},"excerpt":{"rendered":"<p>en mi calle hay una tienda de bicis muy particular, ellos me regalaron un plato viejo de bici ya partir de ah\u00ed sale este collage, naturaleza, bici, tejer&#8230; collage realizado con transferencias de im\u00e1genes sobre tejido tintado natural, etiquetas del padre tejidas y aplicaci\u00f3n de metal &nbsp; tama\u00f1o: 21 x 30 (no incluye el marco)<\/p>\n","protected":false},"featured_media":5055,"template":"","meta":[],"product_brand":[],"product_cat":[102,77],"product_tag":[],"class_list":{"0":"post-5606","1":"product","2":"type-product","3":"status-publish","4":"has-post-thumbnail","6":"product_cat-collage","7":"product_cat-lamines","8":"product_shipping_class-lleugers","10":"first","11":"outofstock","12":"sold-individually","13":"taxable","14":"shipping-taxable","15":"purchasable","16":"product-type-simple"},"jetpack_sharing_enabled":true,"_links":{"self":[{"href":"https:\/\/guspiramoncreatiu.com\/es\/wp-json\/wp\/v2\/product\/5606","targetHints":{"allow":["GET"]}}],"collection":[{"href":"https:\/\/guspiramoncreatiu.com\/es\/wp-json\/wp\/v2\/product"}],"about":[{"href":"https:\/\/guspiramoncreatiu.com\/es\/wp-json\/wp\/v2\/types\/product"}],"version-history":[{"count":0,"href":"https:\/\/guspiramoncreatiu.com\/es\/wp-json\/wp\/v2\/product\/5606\/revisions"}],"wp:featuredmedia":[{"embeddable":true,"href":"https:\/\/guspiramoncreatiu.com\/es\/wp-json\/wp\/v2\/media\/5055"}],"wp:attachment":[{"href":"https:\/\/guspiramoncreatiu.com\/es\/wp-json\/wp\/v2\/media?parent=5606"}],"wp:term":[{"taxonomy":"product_brand","embeddable":true,"href":"https:\/\/guspiramoncreatiu.com\/es\/wp-json\/wp\/v2\/product_brand?post=5606"},{"taxonomy":"product_cat","embeddable":true,"href":"https:\/\/guspiramoncreatiu.com\/es\/wp-json\/wp\/v2\/product_cat?post=5606"},{"taxonomy":"product_tag","embeddable":true,"href":"https:\/\/guspiramoncreatiu.com\/es\/wp-json\/wp\/v2\/product_tag?post=5606"}],"curies":[{"name":"wp","href":"https:\/\/api.w.org\/{rel}","templated":true}]}}