{"id":5590,"date":"2024-03-20T10:08:54","date_gmt":"2024-03-20T09:08:54","guid":{"rendered":"https:\/\/guspiramoncreatiu.com\/producto\/tejiendo-hogar\/"},"modified":"2024-11-22T13:23:51","modified_gmt":"2024-11-22T12:23:51","slug":"tejiendo-hogar","status":"publish","type":"product","link":"https:\/\/guspiramoncreatiu.com\/es\/producto\/tejiendo-hogar\/","title":{"rendered":"tejiendo hogar"},"content":{"rendered":"<p>crear una casa no es hacer un techo, es crear v\u00ednculos, planear futuros, so\u00f1ar&#8230; una casa es nuestra esencia<\/p>\n<p>&nbsp;<\/p>\n<p>l\u00e1mina para enmarcar: 21&#215;30 es necesario un marco con un espacio de 1cm para la caseta de alambre tipo mod. Hovsta de Ikea<\/p>\n","protected":false},"excerpt":{"rendered":"<p>crear una casa no es hacer un techo, es crear v\u00ednculos, planear futuros, so\u00f1ar&#8230; una casa es nuestra esencia &nbsp; l\u00e1mina para enmarcar: 21&#215;30 es necesario un marco con un espacio de 1cm para la caseta de alambre tipo mod. Hovsta de Ikea<\/p>\n","protected":false},"featured_media":5209,"template":"","meta":[],"product_brand":[],"product_cat":[153,154],"product_tag":[],"class_list":{"0":"post-5590","1":"product","2":"type-product","3":"status-publish","4":"has-post-thumbnail","6":"product_cat-laminas","7":"product_cat-laminas-es","8":"product_shipping_class-6-e","10":"first","11":"instock","12":"taxable","13":"shipping-taxable","14":"purchasable","15":"product-type-simple"},"jetpack_sharing_enabled":true,"_links":{"self":[{"href":"https:\/\/guspiramoncreatiu.com\/es\/wp-json\/wp\/v2\/product\/5590","targetHints":{"allow":["GET"]}}],"collection":[{"href":"https:\/\/guspiramoncreatiu.com\/es\/wp-json\/wp\/v2\/product"}],"about":[{"href":"https:\/\/guspiramoncreatiu.com\/es\/wp-json\/wp\/v2\/types\/product"}],"version-history":[{"count":0,"href":"https:\/\/guspiramoncreatiu.com\/es\/wp-json\/wp\/v2\/product\/5590\/revisions"}],"wp:featuredmedia":[{"embeddable":true,"href":"https:\/\/guspiramoncreatiu.com\/es\/wp-json\/wp\/v2\/media\/5209"}],"wp:attachment":[{"href":"https:\/\/guspiramoncreatiu.com\/es\/wp-json\/wp\/v2\/media?parent=5590"}],"wp:term":[{"taxonomy":"product_brand","embeddable":true,"href":"https:\/\/guspiramoncreatiu.com\/es\/wp-json\/wp\/v2\/product_brand?post=5590"},{"taxonomy":"product_cat","embeddable":true,"href":"https:\/\/guspiramoncreatiu.com\/es\/wp-json\/wp\/v2\/product_cat?post=5590"},{"taxonomy":"product_tag","embeddable":true,"href":"https:\/\/guspiramoncreatiu.com\/es\/wp-json\/wp\/v2\/product_tag?post=5590"}],"curies":[{"name":"wp","href":"https:\/\/api.w.org\/{rel}","templated":true}]}}