{"id":5583,"date":"2024-03-20T10:13:20","date_gmt":"2024-03-20T09:13:20","guid":{"rendered":"https:\/\/guspiramoncreatiu.com\/producto\/si-admitimos\/"},"modified":"2024-11-22T13:23:46","modified_gmt":"2024-11-22T12:23:46","slug":"si-admitimos","status":"publish","type":"product","link":"https:\/\/guspiramoncreatiu.com\/es\/producto\/si-admitimos\/","title":{"rendered":"si admitimos"},"content":{"rendered":"<p>una bonita declaraci\u00f3n de amor, no hace falta que sea rom\u00e1ntica, que tambi\u00e9n, pero s\u00ed muy personal&#8230;<\/p>\n<p>&nbsp;<\/p>\n<p> texto de Delphine de Vigan<\/p>\n<p> l\u00e1mina para enmarcar de 21&#215;30<\/p>\n<p> recomiendo un marco con caja de un cent\u00edmetro tipo Hovsta de Ikea<\/p>\n","protected":false},"excerpt":{"rendered":"<p>una bonita declaraci\u00f3n de amor, no hace falta que sea rom\u00e1ntica, que tambi\u00e9n, pero s\u00ed muy personal&#8230; &nbsp; texto de Delphine de Vigan l\u00e1mina para enmarcar de 21&#215;30 recomiendo un marco con caja de un cent\u00edmetro tipo Hovsta de Ikea<\/p>\n","protected":false},"featured_media":5149,"template":"","meta":[],"product_brand":[],"product_cat":[153,154],"product_tag":[],"class_list":{"0":"post-5583","1":"product","2":"type-product","3":"status-publish","4":"has-post-thumbnail","6":"product_cat-laminas","7":"product_cat-laminas-es","8":"product_shipping_class-6-e","10":"first","11":"instock","12":"sold-individually","13":"taxable","14":"shipping-taxable","15":"purchasable","16":"product-type-simple"},"jetpack_sharing_enabled":true,"_links":{"self":[{"href":"https:\/\/guspiramoncreatiu.com\/es\/wp-json\/wp\/v2\/product\/5583","targetHints":{"allow":["GET"]}}],"collection":[{"href":"https:\/\/guspiramoncreatiu.com\/es\/wp-json\/wp\/v2\/product"}],"about":[{"href":"https:\/\/guspiramoncreatiu.com\/es\/wp-json\/wp\/v2\/types\/product"}],"version-history":[{"count":0,"href":"https:\/\/guspiramoncreatiu.com\/es\/wp-json\/wp\/v2\/product\/5583\/revisions"}],"wp:featuredmedia":[{"embeddable":true,"href":"https:\/\/guspiramoncreatiu.com\/es\/wp-json\/wp\/v2\/media\/5149"}],"wp:attachment":[{"href":"https:\/\/guspiramoncreatiu.com\/es\/wp-json\/wp\/v2\/media?parent=5583"}],"wp:term":[{"taxonomy":"product_brand","embeddable":true,"href":"https:\/\/guspiramoncreatiu.com\/es\/wp-json\/wp\/v2\/product_brand?post=5583"},{"taxonomy":"product_cat","embeddable":true,"href":"https:\/\/guspiramoncreatiu.com\/es\/wp-json\/wp\/v2\/product_cat?post=5583"},{"taxonomy":"product_tag","embeddable":true,"href":"https:\/\/guspiramoncreatiu.com\/es\/wp-json\/wp\/v2\/product_tag?post=5583"}],"curies":[{"name":"wp","href":"https:\/\/api.w.org\/{rel}","templated":true}]}}