{"id":5576,"date":"2024-04-02T10:35:55","date_gmt":"2024-04-02T10:35:55","guid":{"rendered":"https:\/\/guspiramoncreatiu.com\/producto\/tronco-nombre\/"},"modified":"2024-11-27T13:54:50","modified_gmt":"2024-11-27T12:54:50","slug":"tronco-nombre","status":"publish","type":"product","link":"https:\/\/guspiramoncreatiu.com\/es\/producto\/tronco-nombre\/","title":{"rendered":"tronco nombre"},"content":{"rendered":"<p>un detalle para una nueva criatura, una dulce y bonita bienvenida&#8230; \u00bfqu\u00e9 nombre haremos?<\/p>\n<p> Tronquete de madera de deriva con un nombre en alambre dulce de 1.3mm sujetado con cord\u00f3n de algod\u00f3n crudo y una estrella o coraz\u00f3n de cer\u00e1mica<\/p>\n<p> Medida aproximada tronquete 40cm<\/p>\n","protected":false},"excerpt":{"rendered":"<p>un detalle para una nueva criatura, una dulce y bonita bienvenida&#8230; \u00bfqu\u00e9 nombre haremos? Tronquete de madera de deriva con un nombre en alambre dulce de 1.3mm sujetado con cord\u00f3n de algod\u00f3n crudo y una estrella o coraz\u00f3n de cer\u00e1mica Medida aproximada tronquete 40cm<\/p>\n","protected":false},"featured_media":4909,"template":"","meta":[],"product_brand":[],"product_cat":[159,169],"product_tag":[],"class_list":{"0":"post-5576","1":"product","2":"type-product","3":"status-publish","4":"has-post-thumbnail","6":"product_cat-miscelanea","7":"product_cat-troncos-nombres","8":"product_shipping_class-6-e","10":"first","11":"instock","12":"taxable","13":"shipping-taxable","14":"product-type-variable"},"jetpack_sharing_enabled":true,"_links":{"self":[{"href":"https:\/\/guspiramoncreatiu.com\/es\/wp-json\/wp\/v2\/product\/5576","targetHints":{"allow":["GET"]}}],"collection":[{"href":"https:\/\/guspiramoncreatiu.com\/es\/wp-json\/wp\/v2\/product"}],"about":[{"href":"https:\/\/guspiramoncreatiu.com\/es\/wp-json\/wp\/v2\/types\/product"}],"version-history":[{"count":0,"href":"https:\/\/guspiramoncreatiu.com\/es\/wp-json\/wp\/v2\/product\/5576\/revisions"}],"wp:featuredmedia":[{"embeddable":true,"href":"https:\/\/guspiramoncreatiu.com\/es\/wp-json\/wp\/v2\/media\/4909"}],"wp:attachment":[{"href":"https:\/\/guspiramoncreatiu.com\/es\/wp-json\/wp\/v2\/media?parent=5576"}],"wp:term":[{"taxonomy":"product_brand","embeddable":true,"href":"https:\/\/guspiramoncreatiu.com\/es\/wp-json\/wp\/v2\/product_brand?post=5576"},{"taxonomy":"product_cat","embeddable":true,"href":"https:\/\/guspiramoncreatiu.com\/es\/wp-json\/wp\/v2\/product_cat?post=5576"},{"taxonomy":"product_tag","embeddable":true,"href":"https:\/\/guspiramoncreatiu.com\/es\/wp-json\/wp\/v2\/product_tag?post=5576"}],"curies":[{"name":"wp","href":"https:\/\/api.w.org\/{rel}","templated":true}]}}