{"id":5564,"date":"2024-04-11T16:23:24","date_gmt":"2024-04-11T14:23:24","guid":{"rendered":"https:\/\/guspiramoncreatiu.com\/producto\/una-mujer\/"},"modified":"2024-11-22T13:23:18","modified_gmt":"2024-11-22T12:23:18","slug":"una-mujer","status":"publish","type":"product","link":"https:\/\/guspiramoncreatiu.com\/es\/producto\/una-mujer\/","title":{"rendered":"una mujer"},"content":{"rendered":"<p>una gran frase de Maria Merc\u00e8 Mar\u00e7al,<\/p>\n<p> mujer, feminista, de naci\u00f3n oprimida y de clase baja, seg\u00fan sus propias palabras&#8230;<\/p>\n<p>&nbsp;<\/p>\n<p> l\u00e1mina de 21 x 30<\/p>\n<h1><\/h1>\n","protected":false},"excerpt":{"rendered":"<p>una gran frase de Maria Merc\u00e8 Mar\u00e7al, mujer, feminista, de naci\u00f3n oprimida y de clase baja, seg\u00fan sus propias palabras&#8230; &nbsp; l\u00e1mina de 21 x 30<\/p>\n","protected":false},"featured_media":5187,"template":"","meta":[],"product_brand":[],"product_cat":[154,153],"product_tag":[],"class_list":{"0":"post-5564","1":"product","2":"type-product","3":"status-publish","4":"has-post-thumbnail","6":"product_cat-laminas-es","7":"product_cat-laminas","8":"product_shipping_class-6-e","10":"first","11":"instock","12":"taxable","13":"shipping-taxable","14":"purchasable","15":"product-type-simple"},"jetpack_sharing_enabled":true,"_links":{"self":[{"href":"https:\/\/guspiramoncreatiu.com\/es\/wp-json\/wp\/v2\/product\/5564","targetHints":{"allow":["GET"]}}],"collection":[{"href":"https:\/\/guspiramoncreatiu.com\/es\/wp-json\/wp\/v2\/product"}],"about":[{"href":"https:\/\/guspiramoncreatiu.com\/es\/wp-json\/wp\/v2\/types\/product"}],"version-history":[{"count":0,"href":"https:\/\/guspiramoncreatiu.com\/es\/wp-json\/wp\/v2\/product\/5564\/revisions"}],"wp:featuredmedia":[{"embeddable":true,"href":"https:\/\/guspiramoncreatiu.com\/es\/wp-json\/wp\/v2\/media\/5187"}],"wp:attachment":[{"href":"https:\/\/guspiramoncreatiu.com\/es\/wp-json\/wp\/v2\/media?parent=5564"}],"wp:term":[{"taxonomy":"product_brand","embeddable":true,"href":"https:\/\/guspiramoncreatiu.com\/es\/wp-json\/wp\/v2\/product_brand?post=5564"},{"taxonomy":"product_cat","embeddable":true,"href":"https:\/\/guspiramoncreatiu.com\/es\/wp-json\/wp\/v2\/product_cat?post=5564"},{"taxonomy":"product_tag","embeddable":true,"href":"https:\/\/guspiramoncreatiu.com\/es\/wp-json\/wp\/v2\/product_tag?post=5564"}],"curies":[{"name":"wp","href":"https:\/\/api.w.org\/{rel}","templated":true}]}}