{"id":5546,"date":"2024-04-18T16:16:44","date_gmt":"2024-04-18T14:16:44","guid":{"rendered":"https:\/\/guspiramoncreatiu.com\/producto\/saber-es-util\/"},"modified":"2024-11-22T13:22:28","modified_gmt":"2024-11-22T12:22:28","slug":"saber-es-util","status":"publish","type":"product","link":"https:\/\/guspiramoncreatiu.com\/es\/producto\/saber-es-util\/","title":{"rendered":"saber es \u00fatil"},"content":{"rendered":"<p>&#8230; so\u00f1ar es necesario, imaginar es indispensable\u00bb sin duda&#8230;<\/p>\n<p>&nbsp;<\/p>\n<p>frase de Llu\u00eds Miravitlles<\/p>\n<p>&nbsp;<\/p>\n<p>tama\u00f1o: 21 x 30 el marco no est\u00e1 incluido<\/p>\n","protected":false},"excerpt":{"rendered":"<p>&#8230; so\u00f1ar es necesario, imaginar es indispensable\u00bb sin duda&#8230; &nbsp; frase de Llu\u00eds Miravitlles &nbsp; tama\u00f1o: 21 x 30 el marco no est\u00e1 incluido<\/p>\n","protected":false},"featured_media":5229,"template":"","meta":[],"product_brand":[],"product_cat":[153,154],"product_tag":[],"class_list":{"0":"post-5546","1":"product","2":"type-product","3":"status-publish","4":"has-post-thumbnail","6":"product_cat-laminas","7":"product_cat-laminas-es","8":"product_shipping_class-6-e","10":"first","11":"instock","12":"taxable","13":"shipping-taxable","14":"purchasable","15":"product-type-simple"},"jetpack_sharing_enabled":true,"_links":{"self":[{"href":"https:\/\/guspiramoncreatiu.com\/es\/wp-json\/wp\/v2\/product\/5546","targetHints":{"allow":["GET"]}}],"collection":[{"href":"https:\/\/guspiramoncreatiu.com\/es\/wp-json\/wp\/v2\/product"}],"about":[{"href":"https:\/\/guspiramoncreatiu.com\/es\/wp-json\/wp\/v2\/types\/product"}],"version-history":[{"count":0,"href":"https:\/\/guspiramoncreatiu.com\/es\/wp-json\/wp\/v2\/product\/5546\/revisions"}],"wp:featuredmedia":[{"embeddable":true,"href":"https:\/\/guspiramoncreatiu.com\/es\/wp-json\/wp\/v2\/media\/5229"}],"wp:attachment":[{"href":"https:\/\/guspiramoncreatiu.com\/es\/wp-json\/wp\/v2\/media?parent=5546"}],"wp:term":[{"taxonomy":"product_brand","embeddable":true,"href":"https:\/\/guspiramoncreatiu.com\/es\/wp-json\/wp\/v2\/product_brand?post=5546"},{"taxonomy":"product_cat","embeddable":true,"href":"https:\/\/guspiramoncreatiu.com\/es\/wp-json\/wp\/v2\/product_cat?post=5546"},{"taxonomy":"product_tag","embeddable":true,"href":"https:\/\/guspiramoncreatiu.com\/es\/wp-json\/wp\/v2\/product_tag?post=5546"}],"curies":[{"name":"wp","href":"https:\/\/api.w.org\/{rel}","templated":true}]}}