{"id":5538,"date":"2024-04-18T16:21:43","date_gmt":"2024-04-18T14:21:43","guid":{"rendered":"https:\/\/guspiramoncreatiu.com\/producto\/solo-un-corazon-abierto\/"},"modified":"2024-11-22T13:22:23","modified_gmt":"2024-11-22T12:22:23","slug":"solo-un-corazon-abierto","status":"publish","type":"product","link":"https:\/\/guspiramoncreatiu.com\/es\/producto\/solo-un-corazon-abierto\/","title":{"rendered":"s\u00f3lo un coraz\u00f3n abierto"},"content":{"rendered":"<p>\u00absolo un coraz\u00f3n abierto atrapar\u00e1 un sue\u00f1o\u00bb<\/p>\n<p> hay que vivir desde el coraz\u00f3n, cerrarlo no se lleva nunca a ninguna parte.<\/p>\n<p>&nbsp;<\/p>\n<p> imagen: escultura de Fumiya Watanabe<\/p>\n<p> l\u00e1mina: 21 x 30<\/p>\n<p> no incluye el marco<\/p>\n","protected":false},"excerpt":{"rendered":"<p>\u00absolo un coraz\u00f3n abierto atrapar\u00e1 un sue\u00f1o\u00bb hay que vivir desde el coraz\u00f3n, cerrarlo no se lleva nunca a ninguna parte. &nbsp; imagen: escultura de Fumiya Watanabe l\u00e1mina: 21 x 30 no incluye el marco<\/p>\n","protected":false},"featured_media":5239,"template":"","meta":[],"product_brand":[],"product_cat":[153,154],"product_tag":[],"class_list":{"0":"post-5538","1":"product","2":"type-product","3":"status-publish","4":"has-post-thumbnail","6":"product_cat-laminas","7":"product_cat-laminas-es","8":"product_shipping_class-6-e","10":"first","11":"instock","12":"taxable","13":"shipping-taxable","14":"purchasable","15":"product-type-simple"},"jetpack_sharing_enabled":true,"_links":{"self":[{"href":"https:\/\/guspiramoncreatiu.com\/es\/wp-json\/wp\/v2\/product\/5538","targetHints":{"allow":["GET"]}}],"collection":[{"href":"https:\/\/guspiramoncreatiu.com\/es\/wp-json\/wp\/v2\/product"}],"about":[{"href":"https:\/\/guspiramoncreatiu.com\/es\/wp-json\/wp\/v2\/types\/product"}],"version-history":[{"count":0,"href":"https:\/\/guspiramoncreatiu.com\/es\/wp-json\/wp\/v2\/product\/5538\/revisions"}],"wp:featuredmedia":[{"embeddable":true,"href":"https:\/\/guspiramoncreatiu.com\/es\/wp-json\/wp\/v2\/media\/5239"}],"wp:attachment":[{"href":"https:\/\/guspiramoncreatiu.com\/es\/wp-json\/wp\/v2\/media?parent=5538"}],"wp:term":[{"taxonomy":"product_brand","embeddable":true,"href":"https:\/\/guspiramoncreatiu.com\/es\/wp-json\/wp\/v2\/product_brand?post=5538"},{"taxonomy":"product_cat","embeddable":true,"href":"https:\/\/guspiramoncreatiu.com\/es\/wp-json\/wp\/v2\/product_cat?post=5538"},{"taxonomy":"product_tag","embeddable":true,"href":"https:\/\/guspiramoncreatiu.com\/es\/wp-json\/wp\/v2\/product_tag?post=5538"}],"curies":[{"name":"wp","href":"https:\/\/api.w.org\/{rel}","templated":true}]}}