{"id":5526,"date":"2024-05-23T09:47:39","date_gmt":"2024-05-23T07:47:39","guid":{"rendered":"https:\/\/guspiramoncreatiu.com\/producto\/puertas-abiertas\/"},"modified":"2024-11-22T13:21:28","modified_gmt":"2024-11-22T12:21:28","slug":"puertas-abiertas","status":"publish","type":"product","link":"https:\/\/guspiramoncreatiu.com\/es\/producto\/puertas-abiertas\/","title":{"rendered":"puertas abiertas"},"content":{"rendered":"<p>\u00bfqui\u00e9n no se ha sentido identificado en alg\u00fan momento? para recordarnos de fluir&#8230;<\/p>\n<p>&nbsp;<\/p>\n<p>l\u00e1mina 21&#215;30 por marco con cajita de un cm. aprox. por el bot\u00f3n  <\/p>\n","protected":false},"excerpt":{"rendered":"<p>\u00bfqui\u00e9n no se ha sentido identificado en alg\u00fan momento? para recordarnos de fluir&#8230; &nbsp; l\u00e1mina 21&#215;30 por marco con cajita de un cm. aprox. por el bot\u00f3n<\/p>\n","protected":false},"featured_media":5275,"template":"","meta":[],"product_brand":[],"product_cat":[153,154],"product_tag":[],"class_list":{"0":"post-5526","1":"product","2":"type-product","3":"status-publish","4":"has-post-thumbnail","6":"product_cat-laminas","7":"product_cat-laminas-es","8":"product_shipping_class-6-e","10":"first","11":"instock","12":"taxable","13":"shipping-taxable","14":"purchasable","15":"product-type-simple"},"jetpack_sharing_enabled":true,"_links":{"self":[{"href":"https:\/\/guspiramoncreatiu.com\/es\/wp-json\/wp\/v2\/product\/5526","targetHints":{"allow":["GET"]}}],"collection":[{"href":"https:\/\/guspiramoncreatiu.com\/es\/wp-json\/wp\/v2\/product"}],"about":[{"href":"https:\/\/guspiramoncreatiu.com\/es\/wp-json\/wp\/v2\/types\/product"}],"version-history":[{"count":0,"href":"https:\/\/guspiramoncreatiu.com\/es\/wp-json\/wp\/v2\/product\/5526\/revisions"}],"wp:featuredmedia":[{"embeddable":true,"href":"https:\/\/guspiramoncreatiu.com\/es\/wp-json\/wp\/v2\/media\/5275"}],"wp:attachment":[{"href":"https:\/\/guspiramoncreatiu.com\/es\/wp-json\/wp\/v2\/media?parent=5526"}],"wp:term":[{"taxonomy":"product_brand","embeddable":true,"href":"https:\/\/guspiramoncreatiu.com\/es\/wp-json\/wp\/v2\/product_brand?post=5526"},{"taxonomy":"product_cat","embeddable":true,"href":"https:\/\/guspiramoncreatiu.com\/es\/wp-json\/wp\/v2\/product_cat?post=5526"},{"taxonomy":"product_tag","embeddable":true,"href":"https:\/\/guspiramoncreatiu.com\/es\/wp-json\/wp\/v2\/product_tag?post=5526"}],"curies":[{"name":"wp","href":"https:\/\/api.w.org\/{rel}","templated":true}]}}