{"id":5525,"date":"2024-05-08T09:29:50","date_gmt":"2024-05-08T07:29:50","guid":{"rendered":"https:\/\/guspiramoncreatiu.com\/producto\/sombras-de-luz-6\/"},"modified":"2024-11-22T13:21:28","modified_gmt":"2024-11-22T12:21:28","slug":"sombras-de-luz-6","status":"publish","type":"product","link":"https:\/\/guspiramoncreatiu.com\/es\/producto\/sombras-de-luz-6\/","title":{"rendered":"sombras de luz 6"},"content":{"rendered":"<p>las sombras en las fachadas tienen un no s\u00e9 que que enamora y nos transporta en verano, al descanso, un sentimiento de plenitud y relajaci\u00f3n que esta peque\u00f1a luz quiere transportar a casa.<\/p>\n<p>&nbsp;<\/p>\n<p> luz con estructura de alambre y papel de seda sobre una base de madera de deriva en crudo<\/p>\n<p> lleva una bombilla G9 de 5W<\/p>\n<p>&nbsp;<\/p>\n<p> tama\u00f1os totales: 19 x 9 x 18 alto<\/p>\n","protected":false},"excerpt":{"rendered":"<p>las sombras en las fachadas tienen un no s\u00e9 que que enamora y nos transporta en verano, al descanso, un sentimiento de plenitud y relajaci\u00f3n que esta peque\u00f1a luz quiere transportar a casa. &nbsp; luz con estructura de alambre y papel de seda sobre una base de madera de deriva en crudo lleva una bombilla [&hellip;]<\/p>\n","protected":false},"featured_media":5261,"template":"","meta":[],"product_brand":[],"product_cat":[124,80],"product_tag":[],"class_list":{"0":"post-5525","1":"product","2":"type-product","3":"status-publish","4":"has-post-thumbnail","6":"product_cat-llum-ombres","7":"product_cat-llums","8":"product_shipping_class-lleugers","10":"first","11":"instock","12":"sold-individually","13":"taxable","14":"shipping-taxable","15":"purchasable","16":"product-type-simple"},"jetpack_sharing_enabled":true,"_links":{"self":[{"href":"https:\/\/guspiramoncreatiu.com\/es\/wp-json\/wp\/v2\/product\/5525","targetHints":{"allow":["GET"]}}],"collection":[{"href":"https:\/\/guspiramoncreatiu.com\/es\/wp-json\/wp\/v2\/product"}],"about":[{"href":"https:\/\/guspiramoncreatiu.com\/es\/wp-json\/wp\/v2\/types\/product"}],"version-history":[{"count":0,"href":"https:\/\/guspiramoncreatiu.com\/es\/wp-json\/wp\/v2\/product\/5525\/revisions"}],"wp:featuredmedia":[{"embeddable":true,"href":"https:\/\/guspiramoncreatiu.com\/es\/wp-json\/wp\/v2\/media\/5261"}],"wp:attachment":[{"href":"https:\/\/guspiramoncreatiu.com\/es\/wp-json\/wp\/v2\/media?parent=5525"}],"wp:term":[{"taxonomy":"product_brand","embeddable":true,"href":"https:\/\/guspiramoncreatiu.com\/es\/wp-json\/wp\/v2\/product_brand?post=5525"},{"taxonomy":"product_cat","embeddable":true,"href":"https:\/\/guspiramoncreatiu.com\/es\/wp-json\/wp\/v2\/product_cat?post=5525"},{"taxonomy":"product_tag","embeddable":true,"href":"https:\/\/guspiramoncreatiu.com\/es\/wp-json\/wp\/v2\/product_tag?post=5525"}],"curies":[{"name":"wp","href":"https:\/\/api.w.org\/{rel}","templated":true}]}}