{"id":5472,"date":"2021-11-11T12:59:06","date_gmt":"2021-11-11T11:59:06","guid":{"rendered":"https:\/\/guspiramoncreatiu.com\/politica-de-devoluciones-y-reembolso\/"},"modified":"2024-11-22T12:35:24","modified_gmt":"2024-11-22T11:35:24","slug":"politica-de-devoluciones-y-reembolso","status":"publish","type":"page","link":"https:\/\/guspiramoncreatiu.com\/es\/politica-de-devoluciones-y-reembolso\/","title":{"rendered":"Pol\u00edtica de devoluciones y reembolso"},"content":{"rendered":"<h2>Env\u00edo<\/h2>\n<p><strong>Tiempo de preparaci\u00f3n<\/strong><\/p>\n<p>El tiempo que necesito para preparar un pedido para su env\u00edo es de 3 a 5 d\u00edas laborables excepto pedidos personalizados a consultar.<\/p>\n<p><strong>Aranceles y derechos de aduana<\/strong><\/p>\n<p>Los compradores pagar\u00e1n los aranceles y derechos de aduana aplicables. No soy responsable de retrasos debidos a los tr\u00e1mites de aduanas.<\/p>\n<p><strong> <\/strong><\/p>\n<h2>Cambios y devoluciones<\/h2>\n<p><strong>Acepto cambios<\/strong><\/p>\n<p>Ponte en contacto conmigo en los 14 d\u00edas posteriores a la entrega<\/p>\n<p>Devu\u00e9lveme los art\u00edculos en los 21 d\u00edas posteriores a la entrega<\/p>\n<p><strong>No acepto devoluciones ni cancelaciones<\/strong><\/p>\n<p>Ponte en contacto conmigo si tienes alg\u00fan problema contigo pedido.<\/p>\n<p>No se pueden cambiar ni volver los siguientes art\u00edculos<\/p>\n<p>Debido a la naturaleza de estos art\u00edculos, a menos que legan da\u00f1ados o defectuosos, no acepto devoluciones de:<\/p>\n<ul>\n<li>Pedidos personalizados<\/li>\n<\/ul>\n<p><strong>Condiciones de devoluci\u00f3n<\/strong><\/p>\n<p>Los gastos de env\u00edo de las devoluciones corren a cargo del comprador. Si el art\u00edculo no se devuelve en su estado original, el comprador ser\u00e1 responsable de cualquier p\u00e9rdida de su valor.<\/p>\n<h2>Seguridad y Protecci\u00f3n a compradoras<\/h2>\n<p>Se cumplen los protocolos SLL, a los que se utiliza en las pasarelas de pago el sistema 3DSecure redirigiendo las datos a servidores seguros sin que el comercio pueda acceder a ellos o almacenarlos.<\/p>\n","protected":false},"excerpt":{"rendered":"<p>Env\u00edo Tiempo de preparaci\u00f3n El tiempo que necesito para preparar un pedido para su env\u00edo es de 3 a 5 d\u00edas laborables excepto pedidos personalizados a consultar. Aranceles y derechos de aduana Los compradores pagar\u00e1n los aranceles y derechos de aduana aplicables. No soy responsable de retrasos debidos a los tr\u00e1mites de aduanas. Cambios y [&hellip;]<\/p>\n","protected":false},"author":7,"featured_media":0,"parent":0,"menu_order":0,"comment_status":"closed","ping_status":"closed","template":"","meta":{"footnotes":""},"class_list":["post-5472","page","type-page","status-publish","hentry"],"jetpack_sharing_enabled":true,"_links":{"self":[{"href":"https:\/\/guspiramoncreatiu.com\/es\/wp-json\/wp\/v2\/pages\/5472","targetHints":{"allow":["GET"]}}],"collection":[{"href":"https:\/\/guspiramoncreatiu.com\/es\/wp-json\/wp\/v2\/pages"}],"about":[{"href":"https:\/\/guspiramoncreatiu.com\/es\/wp-json\/wp\/v2\/types\/page"}],"author":[{"embeddable":true,"href":"https:\/\/guspiramoncreatiu.com\/es\/wp-json\/wp\/v2\/users\/7"}],"replies":[{"embeddable":true,"href":"https:\/\/guspiramoncreatiu.com\/es\/wp-json\/wp\/v2\/comments?post=5472"}],"version-history":[{"count":0,"href":"https:\/\/guspiramoncreatiu.com\/es\/wp-json\/wp\/v2\/pages\/5472\/revisions"}],"wp:attachment":[{"href":"https:\/\/guspiramoncreatiu.com\/es\/wp-json\/wp\/v2\/media?parent=5472"}],"curies":[{"name":"wp","href":"https:\/\/api.w.org\/{rel}","templated":true}]}}