{"id":5460,"date":"2020-12-15T10:05:51","date_gmt":"2020-12-15T09:05:51","guid":{"rendered":"https:\/\/guspiramoncreatiu.com\/un-esbozo-de-mi\/"},"modified":"2024-11-22T12:35:47","modified_gmt":"2024-11-22T11:35:47","slug":"un-esbozo-de-mi","status":"publish","type":"page","link":"https:\/\/guspiramoncreatiu.com\/es\/un-esbozo-de-mi\/","title":{"rendered":"un esbozo de m\u00ed"},"content":{"rendered":"\t\t<div data-elementor-type=\"wp-page\" data-elementor-id=\"5460\" class=\"elementor elementor-5460 elementor-1022\" data-elementor-post-type=\"page\">\n\t\t\t\t\t\t<section class=\"elementor-section elementor-top-section elementor-element elementor-element-abf6917 elementor-section-boxed elementor-section-height-default elementor-section-height-default\" data-id=\"abf6917\" data-element_type=\"section\" data-e-type=\"section\" data-settings=\"{&quot;background_background&quot;:&quot;video&quot;}\">\n\t\t\t\t\t\t<div class=\"elementor-container elementor-column-gap-default\">\n\t\t\t\t\t<div class=\"elementor-column elementor-col-50 elementor-top-column elementor-element elementor-element-9fef778\" data-id=\"9fef778\" data-element_type=\"column\" data-e-type=\"column\">\n\t\t\t<div class=\"elementor-widget-wrap elementor-element-populated\">\n\t\t\t\t\t\t<div class=\"elementor-element elementor-element-1ba836a elementor-widget elementor-widget-video\" data-id=\"1ba836a\" data-element_type=\"widget\" data-e-type=\"widget\" data-settings=\"{&quot;video_type&quot;:&quot;vimeo&quot;}\" data-widget_type=\"video.default\">\n\t\t\t\t<div class=\"elementor-widget-container\">\n\t\t\t\t\t\t\t<div class=\"elementor-wrapper elementor-open-inline\">\n\t\t\t<iframe class=\"elementor-video-iframe\" allowfullscreen allow=\"clipboard-write\" title=\"Reproductor de v\u00eddeo vimeo\" src=\"https:\/\/player.vimeo.com\/video\/831424276?color&amp;autopause=0&amp;loop=0&amp;muted=0&amp;title=0&amp;portrait=0&amp;byline=0#t=\"><\/iframe>\t\t<\/div>\n\t\t\t\t\t\t<\/div>\n\t\t\t\t<\/div>\n\t\t\t\t\t<\/div>\n\t\t<\/div>\n\t\t\t\t<div class=\"elementor-column elementor-col-50 elementor-top-column elementor-element elementor-element-9cfa26b\" data-id=\"9cfa26b\" data-element_type=\"column\" data-e-type=\"column\">\n\t\t\t<div class=\"elementor-widget-wrap elementor-element-populated\">\n\t\t\t\t\t\t<div class=\"elementor-element elementor-element-f005583 elementor-widget elementor-widget-text-editor\" data-id=\"f005583\" data-element_type=\"widget\" data-e-type=\"widget\" data-widget_type=\"text-editor.default\">\n\t\t\t\t<div class=\"elementor-widget-container\">\n\t\t\t\t\t\t\t\t\t<p>Llevo la artesan\u00eda en la sangre.<\/p>\n<p>Ya de ni\u00f1a mis manos trenzaban las palmas del domingo de ramos, estudiaba con aromas de azufre y trabajaba absorta en las aventuras de Pipi Calzaslargas. En mi casa se cos\u00eda, se hac\u00eda punto y ganchillo, macram\u00e9 y todo el bricolaje habido y por haber.<\/p>\n<p>En el coraz\u00f3n la espinita del arte.<\/p>\n<p>Por los giros de la vida mi camino no me llev\u00f3 a las aulas de arte como yo ansiaba, y as\u00ed transit\u00e9 a trav\u00e9s de la tienda de cester\u00eda familiar hasta una tienda de muebles y complementos de decoraci\u00f3n que iba creciendo en exigencias y ahog\u00e1ndome en la misma proporci\u00f3n.<\/p>\n<p>Nuevas miradas en el mundo me hicieron ver que pod\u00eda dejarlo, s\u00ed, pod\u00eda cerrar la tienda!!! \u00a1Era una idea que nunca hab\u00eda entrado en mi cabeza pero cuando lo hizo arras\u00f3 y en una semana ya estaba decidido, pero \u2026para hacer qu\u00e9? ni idea\u2026 Una llamada, un proyecto de interiorismo\u2026. fueron largos a\u00f1os aprendiendo de forma autodidacta este complejo oficio, pero no vale relajarse, \u00bfverdad? que por eso est\u00e1n las crisis econ\u00f3micas, por obligarte a volver a empezar, de nuevo\u2026. pero \u00bfpor d\u00f3nde?<\/p>\n<p>Mis manos.<\/p>\n<p>Empiezo a producir y vender peque\u00f1as piezas en alambre que hac\u00eda un tiempo eran un divertimento. Despu\u00e9s de alg\u00fan que otro fracaso, es en la cuerda floja donde encuentro mi lenguaje y desde aqu\u00ed quiero crecer y compartir, es mi expresi\u00f3n, mi pasi\u00f3n, mi vida y mi pan.<\/p>\n\t\t\t\t\t\t\t\t<\/div>\n\t\t\t\t<\/div>\n\t\t\t\t\t<\/div>\n\t\t<\/div>\n\t\t\t\t\t<\/div>\n\t\t<\/section>\n\t\t\t\t<\/div>\n\t\t","protected":false},"excerpt":{"rendered":"<p>https:\/\/vimeo.com\/831424276 Llevo la artesan\u00eda en la sangre. Ya de ni\u00f1a mis manos trenzaban las palmas del domingo de ramos, estudiaba con aromas de azufre y trabajaba absorta en las aventuras de Pipi Calzaslargas. En mi casa se cos\u00eda, se hac\u00eda punto y ganchillo, macram\u00e9 y todo el bricolaje habido y por haber. En el coraz\u00f3n [&hellip;]<\/p>\n","protected":false},"author":7,"featured_media":0,"parent":0,"menu_order":0,"comment_status":"closed","ping_status":"closed","template":"elementor_header_footer","meta":{"footnotes":""},"class_list":["post-5460","page","type-page","status-publish","hentry"],"jetpack_sharing_enabled":true,"_links":{"self":[{"href":"https:\/\/guspiramoncreatiu.com\/es\/wp-json\/wp\/v2\/pages\/5460","targetHints":{"allow":["GET"]}}],"collection":[{"href":"https:\/\/guspiramoncreatiu.com\/es\/wp-json\/wp\/v2\/pages"}],"about":[{"href":"https:\/\/guspiramoncreatiu.com\/es\/wp-json\/wp\/v2\/types\/page"}],"author":[{"embeddable":true,"href":"https:\/\/guspiramoncreatiu.com\/es\/wp-json\/wp\/v2\/users\/7"}],"replies":[{"embeddable":true,"href":"https:\/\/guspiramoncreatiu.com\/es\/wp-json\/wp\/v2\/comments?post=5460"}],"version-history":[{"count":0,"href":"https:\/\/guspiramoncreatiu.com\/es\/wp-json\/wp\/v2\/pages\/5460\/revisions"}],"wp:attachment":[{"href":"https:\/\/guspiramoncreatiu.com\/es\/wp-json\/wp\/v2\/media?parent=5460"}],"curies":[{"name":"wp","href":"https:\/\/api.w.org\/{rel}","templated":true}]}}