{"id":5457,"date":"2023-10-09T10:50:22","date_gmt":"2023-10-09T08:50:22","guid":{"rendered":"https:\/\/guspiramoncreatiu.com\/cesta\/"},"modified":"2025-03-31T12:43:07","modified_gmt":"2025-03-31T10:43:07","slug":"cesta","status":"publish","type":"page","link":"https:\/\/guspiramoncreatiu.com\/es\/cesta\/","title":{"rendered":"cesta"},"content":{"rendered":"\t\t<div data-elementor-type=\"wp-page\" data-elementor-id=\"5457\" class=\"elementor elementor-5457 elementor-3087\" data-elementor-post-type=\"page\">\n\t\t\t\t\t\t<section class=\"elementor-section elementor-top-section elementor-element elementor-element-5aaaba3 elementor-section-boxed elementor-section-height-default elementor-section-height-default\" data-id=\"5aaaba3\" data-element_type=\"section\" data-e-type=\"section\">\n\t\t\t\t\t\t<div class=\"elementor-container elementor-column-gap-default\">\n\t\t\t\t\t<div class=\"elementor-column elementor-col-100 elementor-top-column elementor-element elementor-element-255ea98\" data-id=\"255ea98\" data-element_type=\"column\" data-e-type=\"column\">\n\t\t\t<div class=\"elementor-widget-wrap elementor-element-populated\">\n\t\t\t\t\t\t\t<\/div>\n\t\t<\/div>\n\t\t\t\t\t<\/div>\n\t\t<\/section>\n\t\t\t\t<\/div>\n\t\t","protected":false},"excerpt":{"rendered":"<p>Suprimeix l&#039;article Imatge en miniatura Producte Preu Quantitat Subtotal &times; graffiti 35,00&nbsp;&euro; quantitat de graffiti&nbsp; 35,00&nbsp;&euro; total Subtotal 35,00&nbsp;&euro; Enviament Recollida local T\u00e0rrega Enviament: 6,00&nbsp;&euro; Envia a C. Mestre G\u00fcell, 40, 25360 T\u00e0rrega, Lleida. Canvia l&#039;adre\u00e7a Pa\u00eds \/ regi\u00f3 Selecciona un pa\u00eds \/ regi\u00f3&hellip;Espanya Estat \/ Prov\u00edncia Seleccioneu una opci\u00f3&hellip;La Corunya\u00c0labaAlbaceteAlacantAlmeriaAst\u00faries\u00c0vilaBadajozIlles BalearsBarcelonaBurgosC\u00e0ceresCadisCant\u00e0briaCastell\u00f3CeutaCiudad RealC\u00f2rdovaConcaGironaGranadaGuadalajaraGipuzkoaHuelvaOscaJa\u00e9nLa RiojaLas PalmasLle\u00f3LleidaLugoMadridM\u00e0lagaMelillaM\u00farciaNavarraOurensePalenciaPontevedraSalamancaSanta [&hellip;]<\/p>\n","protected":false},"author":7,"featured_media":0,"parent":0,"menu_order":0,"comment_status":"closed","ping_status":"closed","template":"elementor_header_footer","meta":{"footnotes":""},"class_list":["post-5457","page","type-page","status-publish","hentry"],"jetpack_sharing_enabled":true,"_links":{"self":[{"href":"https:\/\/guspiramoncreatiu.com\/es\/wp-json\/wp\/v2\/pages\/5457","targetHints":{"allow":["GET"]}}],"collection":[{"href":"https:\/\/guspiramoncreatiu.com\/es\/wp-json\/wp\/v2\/pages"}],"about":[{"href":"https:\/\/guspiramoncreatiu.com\/es\/wp-json\/wp\/v2\/types\/page"}],"author":[{"embeddable":true,"href":"https:\/\/guspiramoncreatiu.com\/es\/wp-json\/wp\/v2\/users\/7"}],"replies":[{"embeddable":true,"href":"https:\/\/guspiramoncreatiu.com\/es\/wp-json\/wp\/v2\/comments?post=5457"}],"version-history":[{"count":0,"href":"https:\/\/guspiramoncreatiu.com\/es\/wp-json\/wp\/v2\/pages\/5457\/revisions"}],"wp:attachment":[{"href":"https:\/\/guspiramoncreatiu.com\/es\/wp-json\/wp\/v2\/media?parent=5457"}],"curies":[{"name":"wp","href":"https:\/\/api.w.org\/{rel}","templated":true}]}}