{"id":5703,"date":"2024-02-27T10:41:56","date_gmt":"2024-02-27T09:41:56","guid":{"rendered":"https:\/\/guspiramoncreatiu.com\/producto\/almond-tree\/"},"modified":"2025-01-13T17:00:09","modified_gmt":"2025-01-13T16:00:09","slug":"almond-tree","status":"publish","type":"product","link":"https:\/\/guspiramoncreatiu.com\/en\/producto\/almond-tree\/","title":{"rendered":"almond tree"},"content":{"rendered":"<p>the almond tree, house, landscape&#8230;<\/p>\n<p> mini sweet wire house with image transferred on rice paper on a natural driftwood base.<\/p>\n<p> ameltlier de l&#8217;Urgell, while walking towards Verd\u00fa<\/p>\n<p>&nbsp;<\/p>\n<p> Size: 6 \u00d7 21 \u00d7 3 shed<\/p>\n<p> 6 x 28 x 6 total<\/p>\n","protected":false},"excerpt":{"rendered":"<p>the almond tree, house, landscape&#8230; mini sweet wire house with image transferred on rice paper on a natural driftwood base. ameltlier de l&#8217;Urgell, while walking towards Verd\u00fa &nbsp; Size: 6 \u00d7 21 \u00d7 3 shed 6 x 28 x 6 total<\/p>\n","protected":false},"featured_media":4756,"template":"","meta":[],"product_brand":[],"product_cat":[151,189],"product_tag":[],"class_list":{"0":"post-5703","1":"product","2":"type-product","3":"status-publish","4":"has-post-thumbnail","6":"product_cat-sculptures","7":"product_cat-vantage-points","8":"product_shipping_class-e6","10":"first","11":"instock","12":"sold-individually","13":"taxable","14":"shipping-taxable","15":"purchasable","16":"product-type-simple"},"jetpack_sharing_enabled":true,"_links":{"self":[{"href":"https:\/\/guspiramoncreatiu.com\/en\/wp-json\/wp\/v2\/product\/5703","targetHints":{"allow":["GET"]}}],"collection":[{"href":"https:\/\/guspiramoncreatiu.com\/en\/wp-json\/wp\/v2\/product"}],"about":[{"href":"https:\/\/guspiramoncreatiu.com\/en\/wp-json\/wp\/v2\/types\/product"}],"version-history":[{"count":0,"href":"https:\/\/guspiramoncreatiu.com\/en\/wp-json\/wp\/v2\/product\/5703\/revisions"}],"wp:featuredmedia":[{"embeddable":true,"href":"https:\/\/guspiramoncreatiu.com\/en\/wp-json\/wp\/v2\/media\/4756"}],"wp:attachment":[{"href":"https:\/\/guspiramoncreatiu.com\/en\/wp-json\/wp\/v2\/media?parent=5703"}],"wp:term":[{"taxonomy":"product_brand","embeddable":true,"href":"https:\/\/guspiramoncreatiu.com\/en\/wp-json\/wp\/v2\/product_brand?post=5703"},{"taxonomy":"product_cat","embeddable":true,"href":"https:\/\/guspiramoncreatiu.com\/en\/wp-json\/wp\/v2\/product_cat?post=5703"},{"taxonomy":"product_tag","embeddable":true,"href":"https:\/\/guspiramoncreatiu.com\/en\/wp-json\/wp\/v2\/product_tag?post=5703"}],"curies":[{"name":"wp","href":"https:\/\/api.w.org\/{rel}","templated":true}]}}